{"id":996,"date":"2024-07-30T12:23:33","date_gmt":"2024-07-30T17:23:33","guid":{"rendered":"https:\/\/playaexploratours.com\/?post_type=product&#038;p=996"},"modified":"2024-10-24T11:58:25","modified_gmt":"2024-10-24T16:58:25","slug":"tour-de-aventura","status":"publish","type":"product","link":"https:\/\/playaexploratours.com\/es_es\/producto\/tour-de-aventura\/","title":{"rendered":"Tour de Aventura,  Playa Para\u00edso, Cenotes, Motul-Ha, Kuxtal y Zazil-Ha"},"content":{"rendered":"<h4>Tour de Aventura, Playa Para\u00edso, Cenotes, Motul-Ha, Kuxtal y Zazil-Ha<\/h4>\n<p>Explora la Belleza Natural de la Riviera Maya<br \/>\n\u00bfListo para una aventura inolvidable en la Riviera Maya? Nuestro tour te llevar\u00e1 a lugares asombrosos:<\/p>\n<p>1. Playa Para\u00edso: Un Para\u00edso en la Tierra<br \/>\nTiempo Libre: Disfruta de una hora explorando esta playa paradis\u00edaca.<br \/>\nFotos Inolvidables: Captura recuerdos en un entorno de ensue\u00f1o.<br \/>\n2. Laguna Kaam y Luum: Dos Joyas Escondidas<br \/>\nExploraci\u00f3n Tranquila: Dedica una hora a cada una de estas lagunas serenas.<br \/>\nNaturaleza en Su Esplendor: Descubre la belleza natural que ofrecen.<br \/>\n3. Cenotes Impresionantes: Motul-Ha, Kuxtal y Zazil-Ha<br \/>\nCenote Motul-Ha: Sum\u00e9rgete en sus aguas cristalinas y admira su grandeza.<br \/>\nCenote Kuxtal: Explora un cenote diferente, lleno de misterio.<br \/>\nCenote Zazil-Ha: Sum\u00e9rgete en esta piscina de aguas cristalinas.<br \/>\n\u00bfPor Qu\u00e9 Elegirnos?<br \/>\nExperiencia Local: Conocemos la Riviera Maya como nadie m\u00e1s.<br \/>\nSatisfacci\u00f3n Garantizada: Nos preocupamos por que tengas una experiencia incre\u00edble.<br \/>\nRecuerdos Inolvidables: Desde cenotes hasta playas, te esperan momentos que durar\u00e1n toda la vida.<br \/>\n\u00a1Cont\u00e1ctanos hoy mismo para reservar esta aventura para tus clientes! \ud83c\udf34\ud83c\udf0a\ud83c\udf2e<\/p>\n","protected":false},"excerpt":{"rendered":"<p>Tour de Aventura, Playa Para\u00edso, Cenotes, Motul-Ha, Kuxtal y Zazil-Ha<\/p>\n<p>Incluye:<br \/>\nTransporte: Ida y vuelta desde tu hotel o albergue.<br \/>\nGu\u00eda biling\u00fce: Disfruta de explicaciones en ingl\u00e9s y espa\u00f1ol.<br \/>\nBox Lunch: Incluye un s\u00e1ndwich, jugo, galleta y fruta.<br \/>\nOportunidad de foto: Captura recuerdos en las Letras Azules.<br \/>\nVisita a Playa Para\u00edso: Tiempo libre para explorar durante una hora.<br \/>\nExplora Laguna Kaam y Luum: Dedica una hora a cada una.<br \/>\nBuffet regional mexicano: Saborea sabores locales durante una hora.<br \/>\nCenote Motul-Ha: Descubre este impresionante cenote.<br \/>\nCenote Kuxtal: Explora un cenote diferente.<br \/>\nCenote Zazil-Ha: La piscina de agua cristalina<br \/>\nBotellas de agua de cortes\u00eda.<br \/>\nTres cenotes, una playa y una laguna.<br \/>\nNo incluido: Bebidas en el restaurante durante el almuerzo (impuesto de $60 MXN o $4 USD no incluido).<br \/>\nNo se proporcionan chalecos salvavidas en los cenotes.<br \/>\nEste tour de aventura promete una emocionante combinaci\u00f3n de belleza natural, experiencias culturales y deliciosa comida. Desde cenotes hasta playas, explorar\u00e1s lo mejor de la Riviera Maya. \u00a1D\u00e9jame saber si necesitas m\u00e1s detalles o si tienes alguna otra solicitud! \ud83c\udf34\ud83c\udf0a\ud83c\udf2e<\/p>\n","protected":false},"featured_media":997,"comment_status":"open","ping_status":"closed","template":"","meta":[],"product_brand":[],"product_cat":[30],"product_tag":[59,61,60,58,57],"class_list":{"0":"post-996","1":"product","2":"type-product","3":"status-publish","4":"has-post-thumbnail","6":"product_cat-paseos","7":"product_tag-cenotes","8":"product_tag-kuxtal-y-zazil-ha","9":"product_tag-motul-ha","10":"product_tag-playa-paraiso","11":"product_tag-tour-de-aventura","13":"first","14":"instock","15":"virtual","16":"purchasable","17":"product-type-simple"},"_links":{"self":[{"href":"https:\/\/playaexploratours.com\/es_es\/wp-json\/wp\/v2\/product\/996","targetHints":{"allow":["GET"]}}],"collection":[{"href":"https:\/\/playaexploratours.com\/es_es\/wp-json\/wp\/v2\/product"}],"about":[{"href":"https:\/\/playaexploratours.com\/es_es\/wp-json\/wp\/v2\/types\/product"}],"replies":[{"embeddable":true,"href":"https:\/\/playaexploratours.com\/es_es\/wp-json\/wp\/v2\/comments?post=996"}],"wp:featuredmedia":[{"embeddable":true,"href":"https:\/\/playaexploratours.com\/es_es\/wp-json\/wp\/v2\/media\/997"}],"wp:attachment":[{"href":"https:\/\/playaexploratours.com\/es_es\/wp-json\/wp\/v2\/media?parent=996"}],"wp:term":[{"taxonomy":"product_brand","embeddable":true,"href":"https:\/\/playaexploratours.com\/es_es\/wp-json\/wp\/v2\/product_brand?post=996"},{"taxonomy":"product_cat","embeddable":true,"href":"https:\/\/playaexploratours.com\/es_es\/wp-json\/wp\/v2\/product_cat?post=996"},{"taxonomy":"product_tag","embeddable":true,"href":"https:\/\/playaexploratours.com\/es_es\/wp-json\/wp\/v2\/product_tag?post=996"}],"curies":[{"name":"wp","href":"https:\/\/api.w.org\/{rel}","templated":true}]}}