{"id":988,"date":"2024-06-04T11:02:35","date_gmt":"2024-06-04T16:02:35","guid":{"rendered":"https:\/\/playaexploratours.com\/?post_type=product&#038;p=988"},"modified":"2024-10-28T18:28:13","modified_gmt":"2024-10-28T23:28:13","slug":"tulum-coba-cenote-4-x-1","status":"publish","type":"product","link":"https:\/\/playaexploratours.com\/es_es\/producto\/tulum-coba-cenote-4-x-1\/","title":{"rendered":"Tulum Coba Cenote 4 x 1"},"content":{"rendered":"<h2>Tulum Coba Cenote 4 x 1<\/h2>\n<p>\u00a1Explora la majestuosidad de la Riviera Maya con nuestro emocionante tour Tulum Coba 4 x 1 \ud83c\udf34\ud83c\udf0a<\/p>\n<p>\u00bfPor qu\u00e9 elegirnos?<\/p>\n<p>Salidas diarias: No importa cu\u00e1ndo quieras explorar, estamos listos para llevarte en esta aventura inolvidable.<br \/>\nTransporte c\u00f3modo: Viaja con estilo en nuestros autobuses o vans. Rel\u00e1jate y disfruta del paisaje mientras te llevamos a los destinos m\u00e1s fascinantes.<br \/>\nGu\u00edas expertos: Nuestros gu\u00edas federales te sumergir\u00e1n en la historia y la cultura de la zona arqueol\u00f3gica de Tulum. Descubre los secretos de esta antigua ciudad junto a ellos.<br \/>\nTulum y Coba: Explora dos joyas arqueol\u00f3gicas en un solo d\u00eda. Admira las impresionantes ruinas de Tulum junto al mar y luego sum\u00e9rgete en la misteriosa Coba, donde podr\u00e1s subir la pir\u00e1mide m\u00e1s alta de la regi\u00f3n.<br \/>\nCenote Kuxtal: Refr\u00e9scate en las aguas cristalinas de este cenote sagrado. Sum\u00e9rgete en la belleza natural y siente la energ\u00eda \u00fanica de este lugar.<br \/>\nAldea Maya: Conoce las tradiciones y costumbres de la cultura maya en una visita aut\u00e9ntica. Descubre c\u00f3mo viv\u00edan y conecta con su legado ancestral.<br \/>\nPlaya del Carmen: Pasea por la famosa 5ta avenida de Playa del Carmen. Disfruta de tiendas, restaurantes y la vibrante atm\u00f3sfera de esta ciudad costera.<br \/>\nOpci\u00f3n Deluxe: Si buscas un toque extra de lujo, elige nuestra opci\u00f3n Deluxe. Incluye un delicioso box lunch y una bebida durante la comida.<br \/>\n\u00a1Reserva ahora y vive la aventura! \ud83c\udf1f<\/p>\n","protected":false},"excerpt":{"rendered":"<p>Tulum Coba Cenote 4 x 1<\/p>\n<p>Salidas todos los d\u00edas<br \/>\nEl tour incluye:<br \/>\nTransporte redondo (autob\u00fas o vans).<br \/>\nGu\u00eda federal para la explicaci\u00f3n de la zona arqueol\u00f3gica (45 minutos).<br \/>\nEntrada a la zona arqueol\u00f3gica de Tulum.<br \/>\nBotella de agua para la zona arqueol\u00f3gica.<br \/>\nTiempo libre en la zona arqueol\u00f3gica de Tulum (45 minutos).<br \/>\nEntrada a la zona arqueol\u00f3gica de Coba.<br \/>\nBotella de agua para la zona arqueol\u00f3gica de Coba.<br \/>\n15 minutos de explicaci\u00f3n en Coba y 1 hora de tiempo libre para tomar fotos en la pir\u00e1mide.<br \/>\nEntrada al Cenote Kuxtal (1 hora).<br \/>\nVisita a Aldea Maya para conocer costumbres y tradiciones (30 minutos).<br \/>\nVisita a Playa del Carmen (5ta avenida) durante 1 hora.<br \/>\nNo incluye: hoteles de Playa del Carmen (Playacar y hoteles de Riviera Maya de PDC hacia Tulum).<br \/>\nOpci\u00f3n Deluxe:<br \/>\nBox lunch.<br \/>\n1 bebida durante la comida.<br \/>\nNo incluye impuestos.<\/p>\n","protected":false},"featured_media":1185,"comment_status":"open","ping_status":"closed","template":"","meta":[],"product_brand":[],"product_cat":[26,30],"product_tag":[64,63,56,62],"class_list":{"0":"post-988","1":"product","2":"type-product","3":"status-publish","4":"has-post-thumbnail","6":"product_cat-zonas-arqueologicas","7":"product_cat-paseos","8":"product_tag-cenote-kuxtal","9":"product_tag-coba","10":"product_tag-tulum","11":"product_tag-tulum-coba-cenote-5-x-1","13":"first","14":"instock","15":"virtual","16":"purchasable","17":"product-type-simple"},"_links":{"self":[{"href":"https:\/\/playaexploratours.com\/es_es\/wp-json\/wp\/v2\/product\/988","targetHints":{"allow":["GET"]}}],"collection":[{"href":"https:\/\/playaexploratours.com\/es_es\/wp-json\/wp\/v2\/product"}],"about":[{"href":"https:\/\/playaexploratours.com\/es_es\/wp-json\/wp\/v2\/types\/product"}],"replies":[{"embeddable":true,"href":"https:\/\/playaexploratours.com\/es_es\/wp-json\/wp\/v2\/comments?post=988"}],"wp:featuredmedia":[{"embeddable":true,"href":"https:\/\/playaexploratours.com\/es_es\/wp-json\/wp\/v2\/media\/1185"}],"wp:attachment":[{"href":"https:\/\/playaexploratours.com\/es_es\/wp-json\/wp\/v2\/media?parent=988"}],"wp:term":[{"taxonomy":"product_brand","embeddable":true,"href":"https:\/\/playaexploratours.com\/es_es\/wp-json\/wp\/v2\/product_brand?post=988"},{"taxonomy":"product_cat","embeddable":true,"href":"https:\/\/playaexploratours.com\/es_es\/wp-json\/wp\/v2\/product_cat?post=988"},{"taxonomy":"product_tag","embeddable":true,"href":"https:\/\/playaexploratours.com\/es_es\/wp-json\/wp\/v2\/product_tag?post=988"}],"curies":[{"name":"wp","href":"https:\/\/api.w.org\/{rel}","templated":true}]}}