{"id":966,"date":"2024-06-01T11:28:58","date_gmt":"2024-06-01T16:28:58","guid":{"rendered":"https:\/\/playaexploratours.com\/?post_type=product&#038;p=966"},"modified":"2024-10-24T12:03:37","modified_gmt":"2024-10-24T17:03:37","slug":"tour-de-cenotes-chaak-tun","status":"publish","type":"product","link":"https:\/\/playaexploratours.com\/es_es\/producto\/tour-de-cenotes-chaak-tun\/","title":{"rendered":"Tour de Cenotes Chaak-Tun"},"content":{"rendered":"<h2>Tour de Cenotes Chaak-Tun<\/h2>\n<p>Tour de Cenotes Chaak-Tun Amazing Underground Adventure en Playa del Carmen. \ud83c\udf1f<\/p>\n<p>El Tour Chaak Tun Amazing Underground Adventure tiene una duraci\u00f3n aproximada de 2 a 3 horas. Durante este tiempo, tendr\u00e1s la oportunidad de explorar las maravillas subterr\u00e1neas de los cenotes mientras snorkelas entre estalactitas y estalagmitas que han existido durante siglos. \u00a1Una experiencia inolvidable te espera! \ud83c\udf0a\ud83c\udf3f<\/p>\n<p>Explora el Inframundo Maya: Ad\u00e9ntrate en un mundo m\u00e1gico y misterioso mientras exploras dos cenotes ubicados dentro de impresionantes cavernas. El Tour Chaak Tun te sumerge en la belleza natural de la pen\u00ednsula de Yucat\u00e1n, donde los antiguos mayas consideraban los cenotes como puertas al inframundo.<\/p>\n<p>Detalles del Tour:<\/p>\n<p>Gu\u00eda Certificado: Nuestros gu\u00edas biling\u00fces (ingl\u00e9s\/espa\u00f1ol) te acompa\u00f1ar\u00e1n en esta aventura. Con su conocimiento experto, aprender\u00e1s sobre la historia, la geolog\u00eda y la flora y fauna de la regi\u00f3n.<br \/>\nEquipo Incluido:<br \/>\nZapatos de Agua: Camina c\u00f3modamente por las formaciones rocosas y las aguas cristalinas.<br \/>\nTraje de Neopreno: Mantente abrigado mientras exploras los cenotes.<br \/>\nEquipo de Snorkel: Descubre la vida acu\u00e1tica en su h\u00e1bitat natural.<br \/>\nLockers: Guarda tus pertenencias de forma segura.<br \/>\nL\u00e1mpara (1 por grupo o pareja): Ilumina las maravillas subterr\u00e1neas.<br \/>\nTarifas por Edades:<br \/>\n0 a 5 a\u00f1os: \u00a1Gratis! Los m\u00e1s peque\u00f1os pueden unirse a la aventura sin costo.<br \/>\n6 a 11 a\u00f1os (ni\u00f1os): Tarifa especial para los j\u00f3venes exploradores.<br \/>\n12 a\u00f1os en adelante (adultos): Disfruta de la experiencia completa.<br \/>\nHorarios Flexibles:<br \/>\nTours disponibles cada hora de lunes a s\u00e1bados, de 9:00 a. m. a 3:00 p. m.<br \/>\nDomingos de 9:00 a. m. a 1:00 p. m.<br \/>\nOpci\u00f3n de Transportaci\u00f3n Redonda:<br \/>\nSi deseas mayor comodidad, puedes agregar el servicio de transportaci\u00f3n redonda.<br \/>\nReserva tu lugar y sum\u00e9rgete en la magia de los cenotes mayas. \ud83c\udf0a\ud83c\udf3f<\/p>\n","protected":false},"excerpt":{"rendered":"<p>$1,499 con transporte redondo.<br \/>\n$1,245 sin transporte.<br \/>\nPregunta por el descuento para nacionales, locales y ni\u00f1os.<\/p>\n<p>Tour de Cenotes Chaak-Tun Amazing Underground Adventure en Playa del Carmen:<\/p>\n<p>\u2022 Transporte desde playa del Carmen cada hora de desde tu hotel.<br \/>\n\u2022 Tours cada hora de lunes a s\u00e1bados de 9:00 am a 3:00 pm, domingos de 9:00 am a 1:00 pm.<br \/>\n\u2022 Explora Cenotes: Sum\u00e9rgete en dos cenotes dentro de cavernas mayas.<br \/>\n\u2022 Equipo Incluido: Zapatos de agua, traje de neopreno y equipo de snorkel.<br \/>\n\u2022 Tarifas por Edades: Gratis para ni\u00f1os de 0 a 5 a\u00f1os, tarifas especiales para ni\u00f1os y adultos.<br \/>\n\u2022 Horarios Flexibles: Tours disponibles de lunes a s\u00e1bados.<br \/>\nOpci\u00f3n de Transporte: Agrega transporte redondo.<\/p>\n","protected":false},"featured_media":967,"comment_status":"open","ping_status":"closed","template":"","meta":[],"product_brand":[],"product_cat":[24,30],"product_tag":[59,67,66,65],"class_list":{"0":"post-966","1":"product","2":"type-product","3":"status-publish","4":"has-post-thumbnail","6":"product_cat-snorkel","7":"product_cat-paseos","8":"product_tag-cenotes","9":"product_tag-cenotes-en-playa-del-carmen","10":"product_tag-chaak-tun","11":"product_tag-tour-de-cenotes-chaak-tun","13":"first","14":"instock","15":"virtual","16":"purchasable","17":"product-type-simple"},"_links":{"self":[{"href":"https:\/\/playaexploratours.com\/es_es\/wp-json\/wp\/v2\/product\/966","targetHints":{"allow":["GET"]}}],"collection":[{"href":"https:\/\/playaexploratours.com\/es_es\/wp-json\/wp\/v2\/product"}],"about":[{"href":"https:\/\/playaexploratours.com\/es_es\/wp-json\/wp\/v2\/types\/product"}],"replies":[{"embeddable":true,"href":"https:\/\/playaexploratours.com\/es_es\/wp-json\/wp\/v2\/comments?post=966"}],"wp:featuredmedia":[{"embeddable":true,"href":"https:\/\/playaexploratours.com\/es_es\/wp-json\/wp\/v2\/media\/967"}],"wp:attachment":[{"href":"https:\/\/playaexploratours.com\/es_es\/wp-json\/wp\/v2\/media?parent=966"}],"wp:term":[{"taxonomy":"product_brand","embeddable":true,"href":"https:\/\/playaexploratours.com\/es_es\/wp-json\/wp\/v2\/product_brand?post=966"},{"taxonomy":"product_cat","embeddable":true,"href":"https:\/\/playaexploratours.com\/es_es\/wp-json\/wp\/v2\/product_cat?post=966"},{"taxonomy":"product_tag","embeddable":true,"href":"https:\/\/playaexploratours.com\/es_es\/wp-json\/wp\/v2\/product_tag?post=966"}],"curies":[{"name":"wp","href":"https:\/\/api.w.org\/{rel}","templated":true}]}}