{"id":958,"date":"2024-05-25T13:06:07","date_gmt":"2024-05-25T18:06:07","guid":{"rendered":"https:\/\/playaexploratours.com\/?post_type=product&#038;p=958"},"modified":"2024-10-24T12:05:38","modified_gmt":"2024-10-24T17:05:38","slug":"chichen-itza-de-lujo-ikkil-y-hibiku","status":"publish","type":"product","link":"https:\/\/playaexploratours.com\/es_es\/producto\/chichen-itza-de-lujo-ikkil-y-hibiku\/","title":{"rendered":"Chichen Itza de Lujo Cenotes Ik-kil y Hibiku"},"content":{"rendered":"<h3>Chichen Itza de Lujo Cenotes Ik-kil y Hibiku<\/h3>\n<p>&nbsp;<\/p>\n<p>\ud83c\udf1f Descubre la magia de Chichen Itza de Lujo Cenotes Ik-kil y Hibiku<\/p>\n<p>\u00bfListo para una aventura inolvidable en la pen\u00ednsula de Yucat\u00e1n? \u00a1No busques m\u00e1s! Nuestro tour te llevar\u00e1 a los lugares m\u00e1s emblem\u00e1ticos y m\u00e1gicos de la regi\u00f3n. \u00bfQu\u00e9 puedes esperar?<\/p>\n<p>Chichen Itza: Admira la majestuosidad de esta antigua ciudad maya. Nuestro gu\u00eda biling\u00fce te sumergir\u00e1 en su historia y te llevar\u00e1 a trav\u00e9s de sus impresionantes estructuras. \u00bfSab\u00edas que Chichen Itza es una de las Nuevas Maravillas del Mundo? \u00a1No te lo pierdas!<br \/>\nCenote Ik Kil: Sum\u00e9rgete en sus aguas cristalinas rodeadas de exuberante vegetaci\u00f3n. \u00bfTe atreves a saltar desde las alturas? El chaleco est\u00e1 incluido para tu seguridad. Disfruta de una hora de nado y relajaci\u00f3n en este cenote \u00fanico.<br \/>\nCenote Hubiku: Otro cenote impresionante te espera. Explora sus cuevas y marav\u00edllate con la belleza natural que ofrece. \u00bfSab\u00edas que los cenotes eran considerados sagrados por los mayas? Descubre por qu\u00e9 mientras disfrutas de otra hora de nado.<br \/>\nComida regional mexicana: Recarga energ\u00edas con un bufet aut\u00e9ntico. Saborea los sabores tradicionales y d\u00e9jate llevar por la experiencia culinaria.<br \/>\nVisita a la Aldea Maya: Conoce la vida cotidiana de esta comunidad. Interact\u00faa con los lugare\u00f1os y descubre sus costumbres y tradiciones.<br \/>\nDegustaci\u00f3n de Tequila: \u00bfTe gustar\u00eda aprender m\u00e1s sobre esta bebida ic\u00f3nica? Nuestro tour incluye una degustaci\u00f3n para los amantes del tequila.<br \/>\nValladolid: Explora esta encantadora ciudad colonial. Sus calles empedradas y su arquitectura te transportar\u00e1n en el tiempo.<br \/>\n\u00a1Reserva ahora y vive una experiencia \u00fanica! Llama a nuestras oficinas para asegurar tu lugar. \u00a1No dejes que esta oportunidad pase de largo!<\/p>\n<p>Si necesitas m\u00e1s detalles o tienes alguna otra pregunta, no dudes en preguntar. \u00a1Disfruta de tu viaje! \ud83d\ude0a<\/p>\n","protected":false},"excerpt":{"rendered":"<p>Chichen Itza de Lujo Cenotes Ik-kil y Hibiku<br \/>\nDetalles del Tour:<br \/>\n\u2022 Salidas todos los d\u00edas<br \/>\n\u2022 Transporte redondo desde la puerta de tu hotel.<br \/>\n\u2022 Gu\u00eda biling\u00fce para explicar el recorrido dentro de Chichen Itza.<br \/>\n\u2022 Box Lunch (jugo, sandwich y fruta).<br \/>\n\u2022 Entrada a Chichen Itza (zona arqueol\u00f3gica).<br \/>\n\u2022 Tiempo libre en Chichen Itza (1 hora).<br \/>\n\u2022 Visita al Cenote Ik Kil (entrada para nadar durante 1 hora).<br \/>\n\u2022 Chaleco para la visita al cenote.<br \/>\n\u2022 Visita al Cenote Hubiku (entrada para nadar durante 1 hora).<br \/>\n\u2022Comida bufet regional mexicana (1 hora).<br \/>\n\u2022 Visita a la Aldea Maya.<br \/>\n\u2022 Degustaci\u00f3n de Tequila.<br \/>\n\u2022 Visita a Valladolid (30 minutos).<br \/>\n\u2022 No incluye bebidas en el restaurante.<\/p>\n","protected":false},"featured_media":960,"comment_status":"open","ping_status":"closed","template":"","meta":[],"product_brand":[],"product_cat":[26,30],"product_tag":[72,73,59,69,29,68,70,71],"class_list":{"0":"post-958","1":"product","2":"type-product","3":"status-publish","4":"has-post-thumbnail","6":"product_cat-zonas-arqueologicas","7":"product_cat-paseos","8":"product_tag-cenote-hibiku","9":"product_tag-cenote-ik-il","10":"product_tag-cenotes","11":"product_tag-cenotes-en-yucatan","12":"product_tag-chichen-itza","13":"product_tag-chichen-itza-de-lujo-cenotes-ik-kil-y-hibiku","14":"product_tag-ruinas-de-chichen-itza","15":"product_tag-valladolid","17":"first","18":"instock","19":"virtual","20":"purchasable","21":"product-type-simple"},"_links":{"self":[{"href":"https:\/\/playaexploratours.com\/es_es\/wp-json\/wp\/v2\/product\/958","targetHints":{"allow":["GET"]}}],"collection":[{"href":"https:\/\/playaexploratours.com\/es_es\/wp-json\/wp\/v2\/product"}],"about":[{"href":"https:\/\/playaexploratours.com\/es_es\/wp-json\/wp\/v2\/types\/product"}],"replies":[{"embeddable":true,"href":"https:\/\/playaexploratours.com\/es_es\/wp-json\/wp\/v2\/comments?post=958"}],"wp:featuredmedia":[{"embeddable":true,"href":"https:\/\/playaexploratours.com\/es_es\/wp-json\/wp\/v2\/media\/960"}],"wp:attachment":[{"href":"https:\/\/playaexploratours.com\/es_es\/wp-json\/wp\/v2\/media?parent=958"}],"wp:term":[{"taxonomy":"product_brand","embeddable":true,"href":"https:\/\/playaexploratours.com\/es_es\/wp-json\/wp\/v2\/product_brand?post=958"},{"taxonomy":"product_cat","embeddable":true,"href":"https:\/\/playaexploratours.com\/es_es\/wp-json\/wp\/v2\/product_cat?post=958"},{"taxonomy":"product_tag","embeddable":true,"href":"https:\/\/playaexploratours.com\/es_es\/wp-json\/wp\/v2\/product_tag?post=958"}],"curies":[{"name":"wp","href":"https:\/\/api.w.org\/{rel}","templated":true}]}}