{"id":954,"date":"2024-05-24T16:50:51","date_gmt":"2024-05-24T21:50:51","guid":{"rendered":"https:\/\/playaexploratours.com\/?post_type=product&#038;p=954"},"modified":"2025-01-02T22:28:24","modified_gmt":"2025-01-03T03:28:24","slug":"cenotes-casa-tortuga","status":"publish","type":"product","link":"https:\/\/playaexploratours.com\/es_es\/producto\/cenotes-casa-tortuga\/","title":{"rendered":"Cenotes Casa Tortuga"},"content":{"rendered":"<h2>Cenotes Casa Tortuga<\/h2>\n<p>&nbsp;<\/p>\n<p>Cenotes Casa Tortuga en Tulum, Quintana Roo, M\u00e9xico:<\/p>\n<p>1. **El parque abre de 9a.m. a 5p.m.<br \/>\n2. **Cenote Campana**:<br \/>\n&#8211; Llegada al Cenote Campana, una caverna semi-abierta con impresionantes formaciones rocosas.<br \/>\n&#8211; Tiempo para nadar y explorar las estalagmitas y estalactitas.<br \/>\n3. **Cenote Wisho**:<br \/>\n&#8211; Visita al Cenote Wisho, que tiene un pasadizo en una caverna.<br \/>\n&#8211; Observaci\u00f3n de f\u00f3siles y murci\u00e9lagos.<br \/>\n4. **Cenote Jaguar**:<br \/>\n&#8211; Aventura en el Cenote Jaguar, una caverna semi-abierta.<br \/>\n&#8211; Admira las ra\u00edces de los \u00e1rboles y busca f\u00f3siles.<br \/>\n5. **Cenote Tres Zapotes**:<br \/>\n&#8211; \u00daltima parada en el Cenote Tres Zapotes, de tipo abierto.<br \/>\n&#8211; Disfruta de las aguas cristalinas y explora el fondo.<\/p>\n<p>Recuerda verificar los horarios y disponibilidad con el operador tur\u00edstico o el parque antes de tu visita. \u00a1Espero que tengas un tiempo incre\u00edble explorando estos hermosos cenotes! \ud83d\ude0a<\/p>\n","protected":false},"excerpt":{"rendered":"<p>Cenotes Casa Tortugas<\/p>\n<p>Incluye:<br \/>\n\u2022 Acceso al parque Casa Tortugas<br \/>\n\u2022 Tour guiado por los 4 cenotes, 2 horas y 30 minutos.<br \/>\nCenote Campana, Cenote Wisho, Cenote Jaguar, Cenote Tres Zapotes<br \/>\n\u2022 Equipo de Snorkel y chaleco salvavidas<br \/>\n\u2022 Tiempo libre en para nadar en los cenotes<\/p>\n","protected":false},"featured_media":1094,"comment_status":"open","ping_status":"closed","template":"","meta":[],"product_brand":[],"product_cat":[31],"product_tag":[80,76,78,79,77,74,75],"class_list":{"0":"post-954","1":"product","2":"type-product","3":"status-publish","4":"has-post-thumbnail","6":"product_cat-parques","7":"product_tag-cenote","8":"product_tag-cenote-campana","9":"product_tag-cenote-jaguar","10":"product_tag-cenote-tres-zapotes","11":"product_tag-cenote-wisho","12":"product_tag-cenotes-casa-tortugas","13":"product_tag-cenotes-en-tulum","15":"first","16":"instock","17":"virtual","18":"purchasable","19":"product-type-simple"},"_links":{"self":[{"href":"https:\/\/playaexploratours.com\/es_es\/wp-json\/wp\/v2\/product\/954","targetHints":{"allow":["GET"]}}],"collection":[{"href":"https:\/\/playaexploratours.com\/es_es\/wp-json\/wp\/v2\/product"}],"about":[{"href":"https:\/\/playaexploratours.com\/es_es\/wp-json\/wp\/v2\/types\/product"}],"replies":[{"embeddable":true,"href":"https:\/\/playaexploratours.com\/es_es\/wp-json\/wp\/v2\/comments?post=954"}],"wp:featuredmedia":[{"embeddable":true,"href":"https:\/\/playaexploratours.com\/es_es\/wp-json\/wp\/v2\/media\/1094"}],"wp:attachment":[{"href":"https:\/\/playaexploratours.com\/es_es\/wp-json\/wp\/v2\/media?parent=954"}],"wp:term":[{"taxonomy":"product_brand","embeddable":true,"href":"https:\/\/playaexploratours.com\/es_es\/wp-json\/wp\/v2\/product_brand?post=954"},{"taxonomy":"product_cat","embeddable":true,"href":"https:\/\/playaexploratours.com\/es_es\/wp-json\/wp\/v2\/product_cat?post=954"},{"taxonomy":"product_tag","embeddable":true,"href":"https:\/\/playaexploratours.com\/es_es\/wp-json\/wp\/v2\/product_tag?post=954"}],"curies":[{"name":"wp","href":"https:\/\/api.w.org\/{rel}","templated":true}]}}