{"id":950,"date":"2024-05-24T09:46:39","date_gmt":"2024-05-24T14:46:39","guid":{"rendered":"https:\/\/playaexploratours.com\/?post_type=product&#038;p=950"},"modified":"2025-01-21T19:35:28","modified_gmt":"2025-01-22T00:35:28","slug":"tour-de-caballos-en-la-selva-maya","status":"publish","type":"product","link":"https:\/\/playaexploratours.com\/es_es\/producto\/tour-de-caballos-en-la-selva-maya\/","title":{"rendered":"Tour de Caballos en la Selva Maya"},"content":{"rendered":"<h2>Tour de Caballos en la Selva Maya<\/h2>\n<p>&nbsp;<\/p>\n<p>\ud83c\udf1f Descubre la magia de la Riviera Maya con nuestro Tour Ecuestre Exclusivo \ud83c\udf1f. Disfruta de una experiencia \u00fanica, todos los d\u00edas, con dos horarios convenientes: uno por la ma\u00f1ana y otro al mediod\u00eda. Nuestro tour biling\u00fce en ingl\u00e9s y espa\u00f1ol te lleva a un viaje inolvidable que incluye:<\/p>\n<p>\ud83d\udc0e Cabalgatas guiadas por la m\u00edstica selva maya.<br \/>\n\ud83c\udf0a Encuentro con la naturaleza en un cenote sagrado, donde podr\u00e1s nadar en sus aguas cristalinas.<br \/>\n\ud83c\udf04 Exploraci\u00f3n de la Caverna Seca, un viaje al coraz\u00f3n de la tierra.<br \/>\n\ud83c\udf7d\ufe0f Snack nutritivo para recargar energ\u00edas.<br \/>\n\u23f0 Aventura de 6 horas llenas de emoci\u00f3n y descubrimiento.<br \/>\nFacilidades incluidas:<\/p>\n<p>\ud83d\ude90 Transportaci\u00f3n de lujo desde tu hotel, con bebidas refrescantes incluidas.<br \/>\n\ud83c\udf7d\ufe0f Snack ligero para mantener el vigor durante la aventura.<br \/>\n\ud83d\udee1\ufe0f Todo el equipo necesario para una experiencia segura y c\u00f3moda.<br \/>\nHorarios:<\/p>\n<p>\ud83d\udd58 Primer tour: Comienza a las 9:00 a.m., con regreso a tu hotel a la 1:00 p.m.<br \/>\n\ud83d\udd50 Segundo tour: Inicia a la 1:00 p.m., con regreso aproximado a las 5:00 p.m.<br \/>\n\u00a1Reserva tu lugar ahora y vive la experiencia ecuestre que siempre recordar\u00e1s! \ud83c\udf34\ud83d\udc34\ud83c\udf1e<\/p>\n","protected":false},"excerpt":{"rendered":"<p>Tour de Caballos en la Selva Maya<\/p>\n<p>(TODOS LOS D\u00cdAS CON DOS HORARIOS:<br \/>\nUNO EN LA MA\u00d1ANA OTRO AL MEDIO D\u00cdA)<br \/>\nIDIOMAS: INGLES Y ESPA\u00d1OL TODOS LOS D\u00cdAS.<br \/>\nIncluye:<br \/>\n\u2022 Cabalgatas en la selva maya.<br \/>\n\u2022 Visita y nado en Cenote.<br \/>\n\u2022 Visita a la Caverna Seca.<br \/>\n\u2022 Incluye Snack.<br \/>\n\u2022 Duraci\u00f3n 6 horas<\/p>\n<p>FACILIDADES: transportaci\u00f3n desde \u00e9l<br \/>\nhotel con bebidas incluidas dentro de<br \/>\nla transportaci\u00f3n (aguas), snack ligero,<br \/>\ntodo el equipo necesario para realizar<br \/>\ntodas las actividades<br \/>\nPrimer horario: 9:00 a.m.<br \/>\nSegundo horario: 1:00 p.m.<br \/>\nSalida a los hoteles:<br \/>\nPrimer horario: 1:00 p.m.<br \/>\nSegundo horario: 5:00 p.m.<br \/>\nTiempos aproximados<\/p>\n","protected":false},"featured_media":951,"comment_status":"open","ping_status":"closed","template":"","meta":[],"product_brand":[],"product_cat":[31],"product_tag":[82,83,42,81],"class_list":{"0":"post-950","1":"product","2":"type-product","3":"status-publish","4":"has-post-thumbnail","6":"product_cat-parques","7":"product_tag-cabalgata","8":"product_tag-cabalgatas-en-la-selva-maya","9":"product_tag-tour-de-caballos","10":"product_tag-tour-de-caballos-en-la-selva-maya","12":"first","13":"instock","14":"virtual","15":"purchasable","16":"product-type-simple"},"_links":{"self":[{"href":"https:\/\/playaexploratours.com\/es_es\/wp-json\/wp\/v2\/product\/950","targetHints":{"allow":["GET"]}}],"collection":[{"href":"https:\/\/playaexploratours.com\/es_es\/wp-json\/wp\/v2\/product"}],"about":[{"href":"https:\/\/playaexploratours.com\/es_es\/wp-json\/wp\/v2\/types\/product"}],"replies":[{"embeddable":true,"href":"https:\/\/playaexploratours.com\/es_es\/wp-json\/wp\/v2\/comments?post=950"}],"wp:featuredmedia":[{"embeddable":true,"href":"https:\/\/playaexploratours.com\/es_es\/wp-json\/wp\/v2\/media\/951"}],"wp:attachment":[{"href":"https:\/\/playaexploratours.com\/es_es\/wp-json\/wp\/v2\/media?parent=950"}],"wp:term":[{"taxonomy":"product_brand","embeddable":true,"href":"https:\/\/playaexploratours.com\/es_es\/wp-json\/wp\/v2\/product_brand?post=950"},{"taxonomy":"product_cat","embeddable":true,"href":"https:\/\/playaexploratours.com\/es_es\/wp-json\/wp\/v2\/product_cat?post=950"},{"taxonomy":"product_tag","embeddable":true,"href":"https:\/\/playaexploratours.com\/es_es\/wp-json\/wp\/v2\/product_tag?post=950"}],"curies":[{"name":"wp","href":"https:\/\/api.w.org\/{rel}","templated":true}]}}