{"id":932,"date":"2024-05-10T01:06:08","date_gmt":"2024-05-10T06:06:08","guid":{"rendered":"https:\/\/playaexploratours.com\/?post_type=product&#038;p=932"},"modified":"2024-12-15T23:49:55","modified_gmt":"2024-12-16T04:49:55","slug":"xplor-dia-riviera-maya","status":"publish","type":"product","link":"https:\/\/playaexploratours.com\/es_es\/producto\/xplor-dia-riviera-maya\/","title":{"rendered":"Xplor d\u00eda Riviera Maya"},"content":{"rendered":"<h2>Xplor d\u00eda Riviera Maya<\/h2>\n<p>\ud83c\udf1f Parque Xplor: Aventura Subterr\u00e1nea en la Riviera Maya<\/p>\n<p>\u00a1Bienvenidos a Xplor, donde la selva y las cuevas ancestrales se fusionan en una emocionante experiencia! Descubre un mundo subterr\u00e1neo lleno de adrenalina y maravillas naturales. Nuestro parque ofrece una variedad de actividades para todos los aventureros:<\/p>\n<p>Circuitos de Tirolesas:<br \/>\n\u2022 Dos circuitos con siete tirolesas cada uno, \u00a1un recorrido total de 4 km! Incluye la tirolesa m\u00e1s alta de la Riviera Maya, desde donde podr\u00e1s admirar vistas panor\u00e1micas impresionantes.<br \/>\n\u2022 Veh\u00edculos Anfibios:<br \/>\nExplora la selva y las cuevas inundadas a bordo de nuestros veh\u00edculos anfibios. Atr\u00e9vete a sortear obst\u00e1culos naturales mientras te sumerges en la naturaleza.<br \/>\nExpedici\u00f3n Subterr\u00e1nea:<br \/>\n\u2022 Ad\u00e9ntrate en cavernas misteriosas durante una aventura de 800 metros. Descubre formaciones rocosas \u00fanicas y r\u00edos subterr\u00e1neos cristalinos.<br \/>\n\u2022 Remo en R\u00edo Subterr\u00e1neo:<br \/>\nToma los remos de mano especiales y navega por un r\u00edo subterr\u00e1neo rodeado de estalactitas y estalagmitas. Una experiencia inolvidable.<br \/>\nNado en el R\u00edo Estalactita:<br \/>\n\u2022 Sum\u00e9rgete en cuevas antiguas y explora sus secretos mientras nadas en aguas frescas. \u00a1Una aventura \u00fanica!<br \/>\n\u2022 Salpicadura de Hamaca:<br \/>\nRel\u00e1jate en nuestras hamacas colgantes sobre el agua. Disfruta de la tranquilidad y la belleza natural que te rodea.<br \/>\n\u2022 Entrada al Toboganxote:<br \/>\nDesl\u00edzate por un tobog\u00e1n acu\u00e1tico y cae en una piscina natural. \u00a1Diversi\u00f3n garantizada!<br \/>\n\u2022 Caminata de Espeleolog\u00eda:<br \/>\n\u2022 Acompa\u00f1ado por gu\u00edas expertos, explora las formaciones rocosas y aprende sobre la geolog\u00eda de las cuevas.<br \/>\n\u2022 Snacks y Bebidas:<br \/>\n\u2022 Refr\u00e9scate con galletas de avena, frutas, batidos y aguas frescas saborizadas. \u00a1Recupera energ\u00edas para seguir explorando!<br \/>\nAlmuerzo Buffet:<br \/>\n\u2022 Saborea deliciosos platillos en nuestro buffet. Desde opciones ligeras hasta comidas sustanciosas, tenemos algo para todos los gustos.<br \/>\n\u2022 Casillero para Dos:<br \/>\nGuarda tus pertenencias de forma segura mientras disfrutas de las actividades.<br \/>\n\u2022 \u00c1reas de Descanso, Vestidores y Sanitarios:<br \/>\nNuestras instalaciones est\u00e1n dise\u00f1adas para tu comodidad.<br \/>\n\u2022 Otros Servicios:<br \/>\nWiFi, cajero autom\u00e1tico y comercios disponibles para tu conveniencia.<\/p>\n<p>\u00a1Esperamos verte pronto en Xplor! \ud83c\udf34\ud83c\udf1e\ud83c\udf0a<\/p>\n","protected":false},"excerpt":{"rendered":"<p>Xplor d\u00eda Riviera Maya<\/p>\n<p>Incluye:<br \/>\n\u2022 Transporte redondo desde Playa del Carmen.<br \/>\n\u2022 Dos circuitos con siete tirolesas cada uno (recorrido total de 4 km), que incluyen la m\u00e1s alta de la Riviera Maya.<br \/>\n\u2022 Veh\u00edculo anfibio para recorrer la selva y cuevas inundadas.<br \/>\n\u2022 Expedici\u00f3n subterr\u00e1nea. 800 metros de una divertida aventura cavernosa.<br \/>\n\u2022 Remando con remos de mano especiales a lo largo de un r\u00edo subterr\u00e1neo.<br \/>\n\u2022 R\u00edo Estalactita Nade dentro de cuevas antiguas.<br \/>\n\u2022 Salpicadura de hamaca.<br \/>\n\u2022 Entrada al Toboganxote.<br \/>\n\u2022 Caminata de espeleolog\u00eda.<br \/>\n\u2022 Snacks y bebidas no alcoh\u00f3licas ilimitadas (galletas de avena, frutas, batidos y aguas frescas saborizadas).<br \/>\n\u2022Almuerzo buffet.<br \/>\n\u2022 Casillero para dos.<br \/>\n\u2022 \u00c1reas de descanso, vestidores y sanitarios.<br \/>\n\u2022 Otros servicios (WiFi, cajero autom\u00e1tico y comercios).<\/p>\n","protected":false},"featured_media":933,"comment_status":"open","ping_status":"closed","template":"","meta":[],"product_brand":[],"product_cat":[31],"product_tag":[111,108,106,105,109,110,107,103,104,102],"class_list":{"0":"post-932","1":"product","2":"type-product","3":"status-publish","4":"has-post-thumbnail","6":"product_cat-parques","7":"product_tag-caminata-de-espeleologia","8":"product_tag-cavernas","9":"product_tag-circuitos-de-tirolesas","10":"product_tag-parque-xplor","11":"product_tag-remo-en-rio-subterraneo","12":"product_tag-salpicadura-de-hamaca","13":"product_tag-vehiculos-anfibios","14":"product_tag-xplor","15":"product_tag-xplor-playa-del-carmen","16":"product_tag-xplor-riviera-maya","18":"first","19":"instock","20":"virtual","21":"purchasable","22":"product-type-simple"},"_links":{"self":[{"href":"https:\/\/playaexploratours.com\/es_es\/wp-json\/wp\/v2\/product\/932","targetHints":{"allow":["GET"]}}],"collection":[{"href":"https:\/\/playaexploratours.com\/es_es\/wp-json\/wp\/v2\/product"}],"about":[{"href":"https:\/\/playaexploratours.com\/es_es\/wp-json\/wp\/v2\/types\/product"}],"replies":[{"embeddable":true,"href":"https:\/\/playaexploratours.com\/es_es\/wp-json\/wp\/v2\/comments?post=932"}],"wp:featuredmedia":[{"embeddable":true,"href":"https:\/\/playaexploratours.com\/es_es\/wp-json\/wp\/v2\/media\/933"}],"wp:attachment":[{"href":"https:\/\/playaexploratours.com\/es_es\/wp-json\/wp\/v2\/media?parent=932"}],"wp:term":[{"taxonomy":"product_brand","embeddable":true,"href":"https:\/\/playaexploratours.com\/es_es\/wp-json\/wp\/v2\/product_brand?post=932"},{"taxonomy":"product_cat","embeddable":true,"href":"https:\/\/playaexploratours.com\/es_es\/wp-json\/wp\/v2\/product_cat?post=932"},{"taxonomy":"product_tag","embeddable":true,"href":"https:\/\/playaexploratours.com\/es_es\/wp-json\/wp\/v2\/product_tag?post=932"}],"curies":[{"name":"wp","href":"https:\/\/api.w.org\/{rel}","templated":true}]}}