{"id":906,"date":"2024-04-19T19:45:47","date_gmt":"2024-04-20T00:45:47","guid":{"rendered":"https:\/\/playaexploratours.com\/?post_type=product&#038;p=906"},"modified":"2024-12-15T23:40:44","modified_gmt":"2024-12-16T04:40:44","slug":"xcaret-playa-del-carmen-mexico","status":"publish","type":"product","link":"https:\/\/playaexploratours.com\/es_es\/producto\/xcaret-playa-del-carmen-mexico\/","title":{"rendered":"Xcaret Playa del Carmen M\u00e9xico"},"content":{"rendered":"<h2>Xcaret Playa del Carmen M\u00e9xico<\/h2>\n<p>&nbsp;<\/p>\n<p>\u00a1Descubre la magia de Xcaret Plus! \ud83c\udf34\u2728<\/p>\n<p>Sum\u00e9rgete en una experiencia inolvidable con Xcaret Plus, donde la aventura y la cultura mexicana se encuentran. Disfruta de acceso exclusivo al \u00c1rea Plus, con vestidores, ba\u00f1os y casilleros privados. Del\u00e9itate con una comida buffet y una cerveza incluida, mientras exploras m\u00e1s de 50 atractivos naturales y culturales.<\/p>\n<p>\u00bfQu\u00e9 esperas? Ven y vive la presentaci\u00f3n de Xcaret M\u00e9xico Espectacular, nada en r\u00edos subterr\u00e1neos, y marav\u00edllate con el Acuario de Arrecife Coral, el Mariposario y Aviario. \u00a1Y para los m\u00e1s peque\u00f1os, el Mundo de Ni\u00f1os les espera con diversi\u00f3n garantizada!<\/p>\n<p>\u00a1Aprovecha ahora! Ni\u00f1os de 5 a 11 a\u00f1os tienen un 25% de descuento sobre el precio de adulto1. Y recuerda, tu seguridad es nuestra prioridad: todos nuestros bloqueadores y bronceadores son amigables con el medio ambiente.<\/p>\n<p>Xcaret Plus es m\u00e1s que un parque; es una experiencia que no te puedes perder. \u00a1Reserva tu entrada hoy y prep\u00e1rate para crear recuerdos que durar\u00e1n toda la vida!<\/p>\n","protected":false},"excerpt":{"rendered":"<p>Xcaret Playa del Carmen M\u00e9xico<\/p>\n<p>\u00a1Vive la Experiencia Xcaret Plus al M\u00e1ximo! \ud83c\udf0a\ud83e\udd9c<\/p>\n<p>Xcaret Plus te invita a disfrutar de un d\u00eda lleno de aventuras y cultura mexicana. Con tu entrada Plus, tendr\u00e1s acceso a comodidades exclusivas que har\u00e1n de tu visita algo a\u00fan m\u00e1s especial:<br \/>\n\u2022Transporte desde playa del carmen centro al parque y de regreso.<br \/>\n\u2022Acceso al \u00c1rea Plus: Espacios con mayor privacidad y confort, equipados con vestidores, ba\u00f1os y casilleros.<br \/>\n\u2022Comida Buffet Incluida: Saborea la gastronom\u00eda mexicana con una amplia selecci\u00f3n de platillos y una cerveza de cortes\u00eda.<br \/>\n\u2022M\u00e1s de 50 Atractivos: Desde r\u00edos subterr\u00e1neos hasta playas paradis\u00edacas, pasando por el Acuario de Arrecife Coral, el Mariposario y el Aviario.<br \/>\n\u2022Xcaret M\u00e9xico Espectacular: No te pierdas esta impresionante presentaci\u00f3n que celebra la historia y la cultura de M\u00e9xico.<br \/>\n\u2022Mundo de Ni\u00f1os: Un espacio seguro y divertido donde los m\u00e1s peque\u00f1os pueden jugar y explorar.<br \/>\n\u2022Seguridad y Sustentabilidad: Comprometidos con el cuidado del medio ambiente, solo utilizamos productos biodegradables.<br \/>\n\u2022Promociones Especiales:<\/p>\n<p>Ni\u00f1os de 5 a 11 a\u00f1os disfrutan de un 25% de descuento sobre el precio de adulto.<br \/>\nFacilidades de Pago: Diversas opciones para que tu compra sea c\u00f3moda y segura.<br \/>\nXcaret Plus es la elecci\u00f3n perfecta para quienes buscan conectar con la naturaleza, explorar la riqueza cultural de M\u00e9xico y disfrutar de un servicio exclusivo y de calidad. \u00a1No esperes m\u00e1s, reserva tu entrada y prep\u00e1rate para una experiencia inolvidable!<\/p>\n","protected":false},"featured_media":907,"comment_status":"open","ping_status":"closed","template":"","meta":[],"product_brand":[],"product_cat":[31],"product_tag":[118,117,120,116,121,119],"class_list":{"0":"post-906","1":"product","2":"type-product","3":"status-publish","4":"has-post-thumbnail","6":"product_cat-parques","7":"product_tag-parque-xcaret","8":"product_tag-xcaret","9":"product_tag-xcaret-playa-del-carmen","10":"product_tag-xcaret-playa-del-carmen-mexico","11":"product_tag-xcaret-plus","12":"product_tag-xcaret-riviera-maya","14":"first","15":"instock","16":"virtual","17":"purchasable","18":"product-type-simple"},"_links":{"self":[{"href":"https:\/\/playaexploratours.com\/es_es\/wp-json\/wp\/v2\/product\/906","targetHints":{"allow":["GET"]}}],"collection":[{"href":"https:\/\/playaexploratours.com\/es_es\/wp-json\/wp\/v2\/product"}],"about":[{"href":"https:\/\/playaexploratours.com\/es_es\/wp-json\/wp\/v2\/types\/product"}],"replies":[{"embeddable":true,"href":"https:\/\/playaexploratours.com\/es_es\/wp-json\/wp\/v2\/comments?post=906"}],"wp:featuredmedia":[{"embeddable":true,"href":"https:\/\/playaexploratours.com\/es_es\/wp-json\/wp\/v2\/media\/907"}],"wp:attachment":[{"href":"https:\/\/playaexploratours.com\/es_es\/wp-json\/wp\/v2\/media?parent=906"}],"wp:term":[{"taxonomy":"product_brand","embeddable":true,"href":"https:\/\/playaexploratours.com\/es_es\/wp-json\/wp\/v2\/product_brand?post=906"},{"taxonomy":"product_cat","embeddable":true,"href":"https:\/\/playaexploratours.com\/es_es\/wp-json\/wp\/v2\/product_cat?post=906"},{"taxonomy":"product_tag","embeddable":true,"href":"https:\/\/playaexploratours.com\/es_es\/wp-json\/wp\/v2\/product_tag?post=906"}],"curies":[{"name":"wp","href":"https:\/\/api.w.org\/{rel}","templated":true}]}}