{"id":902,"date":"2024-04-11T18:01:49","date_gmt":"2024-04-11T23:01:49","guid":{"rendered":"https:\/\/playaexploratours.com\/?post_type=product&#038;p=902"},"modified":"2024-10-24T12:27:41","modified_gmt":"2024-10-24T17:27:41","slug":"chiche-itza-de-lujo-cenotes-ikkil-y-suytun","status":"publish","type":"product","link":"https:\/\/playaexploratours.com\/es_es\/producto\/chiche-itza-de-lujo-cenotes-ikkil-y-suytun\/","title":{"rendered":"Chiche Itza de Lujo Cenotes Ikkil y Suytun"},"content":{"rendered":"<h2>Chiche Itza de Lujo Cenotes Ikkil y Suytun<\/h2>\n<p>&nbsp;<\/p>\n<p>\ud83c\udf1f Tour Chiche Itza de Lujo Cenotes Ikkil y Suytun \ud83c\udf1f<\/p>\n<p>Disponible: Miercoles, viernes y domingo.<\/p>\n<p>Descubre la majestuosidad de Chich\u00e9n Itz\u00e1 con nuestro exclusivo tour de lujo. Sum\u00e9rgete en la historia y la belleza de esta antigua ciudad maya mientras disfrutas de comodidades excepcionales.<\/p>\n<p>Detalles del Tour:<\/p>\n<p>Transporte Redondo: Viaja c\u00f3modamente en autob\u00fas o vans desde tu punto de partida hasta Chich\u00e9n Itz\u00e1.<br \/>\nGu\u00eda Biling\u00fce: Nuestros expertos gu\u00edas te acompa\u00f1ar\u00e1n durante todo el recorrido, compartiendo conocimientos en espa\u00f1ol e ingl\u00e9s.<br \/>\nBox Lunch: Disfruta de un delicioso box lunch que incluye un s\u00e1ndwich, fruta, galleta y jugo.<br \/>\nAgua a Bordo: Durante el trayecto en autob\u00fas, tendr\u00e1s acceso a 2 botellas de agua.<br \/>\nVisita a Chich\u00e9n Itz\u00e1: Explora la zona arqueol\u00f3gica de Chich\u00e9n Itz\u00e1 con un gu\u00eda certificado. Descubre los secretos de la pir\u00e1mide de Kukulc\u00e1n y otros monumentos hist\u00f3ricos durante una visita de 1 hora.<br \/>\nTiempo Libre: Disfruta de 1 hora de tiempo libre para explorar por tu cuenta y tomar fotograf\u00edas.<br \/>\nHidrataci\u00f3n: Te proporcionaremos una botella de agua al entrar y salir de la zona arqueol\u00f3gica.<br \/>\nCenote Ik-Kil: Sum\u00e9rgete en las aguas cristalinas del Cenote Ik-Kil durante 1 hora.<br \/>\nCenote Suytun: Contin\u00faa tu aventura nadando en el Cenote Suytun durante 1 hora. Los chalecos salvavidas est\u00e1n incluidos.<br \/>\nComida Buffet: Rel\u00e1jate y disfruta de un delicioso buffet en el restaurante de Suytun.<br \/>\nVisita a Valladolid: Explora el encantador centro hist\u00f3rico de Valladolid durante 30 minutos.<br \/>\nNo Incluye Bebidas en el Restaurante: Ten en cuenta que las bebidas no est\u00e1n incluidas en el restaurante.<br \/>\n\u00a1Reserva tu experiencia de lujo en Chich\u00e9n Itz\u00e1 y crea recuerdos inolvidables! \ud83c\udf34\ud83c\udf1e\ud83c\udfdb\ufe0f<\/p>\n","protected":false},"excerpt":{"rendered":"<p>Chiche Itza de Lujo Cenotes Ikkil y Suytun<\/p>\n<p>\u2022Transporte redondo (Autob\u00fas o Vans)<br \/>\n\u2022Gu\u00eda biling\u00fce<br \/>\n\u2022Box lunch (sandwich, fruta, galleta y jugo)<br \/>\n\u2022Incluye el autob\u00fas: 2 aguas<br \/>\n\u2022Gu\u00eda certificado para todo el recorrido<br \/>\n\u2022Visita y entrada a la zona arqueol\u00f3gica de Chich\u00e9n Itz\u00e1 a cargo de un gu\u00eda (1 hora)<br \/>\n\u2022Tiempo libre en la zona arqueol\u00f3gica (1 hora)<br \/>\n\u2022Botella de agua al entrar y salir de la zona arqueol\u00f3gica<br \/>\n\u2022Visita al Cenote Ik-Kil para nadar (1 hora)<br \/>\n\u2022Visita al cenote Suytun para nadar (1 hora)<br \/>\n\u2022Los chalecos salvavidas estan incluidos en los cenotes<br \/>\n\u2022Comida bufet en restaurante de Suytun<br \/>\n\u2022Visita al centro hist\u00f3rico de Valladolid 30 min<br \/>\n\u2022No incluye bebidas en el restaurante<\/p>\n","protected":false},"featured_media":903,"comment_status":"open","ping_status":"closed","template":"","meta":[],"product_brand":[],"product_cat":[30,26],"product_tag":[73,123,69,122,29,71],"class_list":{"0":"post-902","1":"product","2":"type-product","3":"status-publish","4":"has-post-thumbnail","6":"product_cat-paseos","7":"product_cat-zonas-arqueologicas","8":"product_tag-cenote-ik-il","9":"product_tag-cenote-suytun","10":"product_tag-cenotes-en-yucatan","11":"product_tag-chiche-itza-de-lujo-cenotes-ikkil-y-suytun","12":"product_tag-chichen-itza","13":"product_tag-valladolid","15":"first","16":"instock","17":"virtual","18":"purchasable","19":"product-type-simple"},"_links":{"self":[{"href":"https:\/\/playaexploratours.com\/es_es\/wp-json\/wp\/v2\/product\/902","targetHints":{"allow":["GET"]}}],"collection":[{"href":"https:\/\/playaexploratours.com\/es_es\/wp-json\/wp\/v2\/product"}],"about":[{"href":"https:\/\/playaexploratours.com\/es_es\/wp-json\/wp\/v2\/types\/product"}],"replies":[{"embeddable":true,"href":"https:\/\/playaexploratours.com\/es_es\/wp-json\/wp\/v2\/comments?post=902"}],"wp:featuredmedia":[{"embeddable":true,"href":"https:\/\/playaexploratours.com\/es_es\/wp-json\/wp\/v2\/media\/903"}],"wp:attachment":[{"href":"https:\/\/playaexploratours.com\/es_es\/wp-json\/wp\/v2\/media?parent=902"}],"wp:term":[{"taxonomy":"product_brand","embeddable":true,"href":"https:\/\/playaexploratours.com\/es_es\/wp-json\/wp\/v2\/product_brand?post=902"},{"taxonomy":"product_cat","embeddable":true,"href":"https:\/\/playaexploratours.com\/es_es\/wp-json\/wp\/v2\/product_cat?post=902"},{"taxonomy":"product_tag","embeddable":true,"href":"https:\/\/playaexploratours.com\/es_es\/wp-json\/wp\/v2\/product_tag?post=902"}],"curies":[{"name":"wp","href":"https:\/\/api.w.org\/{rel}","templated":true}]}}