{"id":899,"date":"2024-04-10T14:46:31","date_gmt":"2024-04-10T19:46:31","guid":{"rendered":"https:\/\/playaexploratours.com\/?post_type=product&#038;p=899"},"modified":"2024-10-24T12:31:11","modified_gmt":"2024-10-24T17:31:11","slug":"submarino-en-cozumel","status":"publish","type":"product","link":"https:\/\/playaexploratours.com\/es_es\/producto\/submarino-en-cozumel\/","title":{"rendered":"Submarino en Cozumel"},"content":{"rendered":"<h2>Submarino en Cozumel<\/h2>\n<p>**Atlantis Submarines Cozumel** ofrece una experiencia \u00fanica en M\u00e9xico con su submarino tur\u00edstico, el **Atlantis XII**. Este submarino est\u00e1 dise\u00f1ado especialmente para el turismo y puede llevar a los pasajeros a profundidades de m\u00e1s de **100 pies**, mientras los mantiene c\u00f3modos en una cabina presurizada y con aire acondicionado. Si est\u00e1s en Cozumel, \u00a1no te pierdas esta oportunidad de vivir una experiencia submarina inolvidable! \ud83c\udf0a\ud83d\udc20\ud83d\udea2<\/p>\n","protected":false},"excerpt":{"rendered":"<p>Submarino en Cozumel<\/p>\n<p>\u2022Transporte redondo (vans)<br \/>\n\u2022Gu\u00eda Biling\u00fce<br \/>\n\u2022Box lunch (sandwich, fruta, galleta y jugo)<br \/>\n\u2022Cruce de ferry redondo<br \/>\n\u2022Incluye entrada a la actividad del submarino<br \/>\nAsiento en el submarino<br \/>\n35 metros de profundidad algo sorprendente vida marina unico submarino turistico en m\u00e9xico<br \/>\n\u2022Comida en Club de Playa 1 platillo a elegir<\/p>\n","protected":false},"featured_media":900,"comment_status":"open","ping_status":"closed","template":"","meta":[],"product_brand":[],"product_cat":[24],"product_tag":[126,127,125,128,129,124],"class_list":{"0":"post-899","1":"product","2":"type-product","3":"status-publish","4":"has-post-thumbnail","6":"product_cat-snorkel","7":"product_tag-atlantis-submarines","8":"product_tag-atlantis-submarines-cozumel","9":"product_tag-submarino","10":"product_tag-submarino-atlantis","11":"product_tag-submarino-atlantis-cozumel","12":"product_tag-submarino-en-cozumel","14":"first","15":"instock","16":"virtual","17":"purchasable","18":"product-type-simple"},"_links":{"self":[{"href":"https:\/\/playaexploratours.com\/es_es\/wp-json\/wp\/v2\/product\/899","targetHints":{"allow":["GET"]}}],"collection":[{"href":"https:\/\/playaexploratours.com\/es_es\/wp-json\/wp\/v2\/product"}],"about":[{"href":"https:\/\/playaexploratours.com\/es_es\/wp-json\/wp\/v2\/types\/product"}],"replies":[{"embeddable":true,"href":"https:\/\/playaexploratours.com\/es_es\/wp-json\/wp\/v2\/comments?post=899"}],"wp:featuredmedia":[{"embeddable":true,"href":"https:\/\/playaexploratours.com\/es_es\/wp-json\/wp\/v2\/media\/900"}],"wp:attachment":[{"href":"https:\/\/playaexploratours.com\/es_es\/wp-json\/wp\/v2\/media?parent=899"}],"wp:term":[{"taxonomy":"product_brand","embeddable":true,"href":"https:\/\/playaexploratours.com\/es_es\/wp-json\/wp\/v2\/product_brand?post=899"},{"taxonomy":"product_cat","embeddable":true,"href":"https:\/\/playaexploratours.com\/es_es\/wp-json\/wp\/v2\/product_cat?post=899"},{"taxonomy":"product_tag","embeddable":true,"href":"https:\/\/playaexploratours.com\/es_es\/wp-json\/wp\/v2\/product_tag?post=899"}],"curies":[{"name":"wp","href":"https:\/\/api.w.org\/{rel}","templated":true}]}}