{"id":894,"date":"2024-04-09T09:50:01","date_gmt":"2024-04-09T14:50:01","guid":{"rendered":"https:\/\/playaexploratours.com\/?post_type=product&#038;p=894"},"modified":"2024-11-07T21:08:18","modified_gmt":"2024-11-08T02:08:18","slug":"cozumel-en-lancha-transparente","status":"publish","type":"product","link":"https:\/\/playaexploratours.com\/es_es\/producto\/cozumel-en-lancha-transparente\/","title":{"rendered":"Cozumel en lancha transparente"},"content":{"rendered":"<h2>Cozumel en lancha transparente<\/h2>\n<p>\u00bfEst\u00e1s listo para embarcarte en esta aventura \u00fanica en el Caribe mexicano? \ud83c\udf0a\ud83d\udea4<br \/>\nEl tour de lancha transparente en Cozumel ofrece una experiencia \u00fanica para los viajeros que desean explorar la impresionante vida marina de la isla. A bordo de una lancha transparente, tambi\u00e9n conocida como el Barco Invisible, podr\u00e1s disfrutar de vistas ininterrumpidas de 360 grados de las aguas cristalinas y el vibrante ecosistema marino por el que Cozumel es famoso. El barco est\u00e1 hecho completamente de plexigl\u00e1s, lo que permite ver todo, desde bancos de peces de colores hasta ex\u00f3ticas formaciones de coral. \u00a1Una aventura inolvidable! \ud83d\ude0a<\/p>\n","protected":false},"excerpt":{"rendered":"<p>Cozumel en lancha transparente<\/p>\n<p>\u2022 1 hora 45 minutos de tour<br \/>\n\u2022 Visita a villa blanca<br \/>\n\u2022 Visita a los barcos hundidos<br \/>\n\u2022 Equipo de snorkel<br \/>\n\u2022 Gu\u00edas certificados<br \/>\n\u2022 Aguas refrescos y 1 cerveza por persona<\/p>\n<p>Transporte al \u00e1rea de embarque<br \/>\nSalidas todos los d\u00edas: 10\u202fam, 12\u202fpm, 2\u202fpm y 4\u202fpm<br \/>\nNo incluye los boletos del ferry<\/p>\n","protected":false},"featured_media":895,"comment_status":"open","ping_status":"closed","template":"","meta":[],"product_brand":[],"product_cat":[24],"product_tag":[137,136,134,135,115],"class_list":{"0":"post-894","1":"product","2":"type-product","3":"status-publish","4":"has-post-thumbnail","6":"product_cat-snorkel","7":"product_tag-clear-boat","8":"product_tag-cozumel-clear-boat","9":"product_tag-cozumel-en-lancha-transparente","10":"product_tag-lancha-transparente","11":"product_tag-snorkel","13":"first","14":"instock","15":"virtual","16":"purchasable","17":"product-type-simple"},"_links":{"self":[{"href":"https:\/\/playaexploratours.com\/es_es\/wp-json\/wp\/v2\/product\/894","targetHints":{"allow":["GET"]}}],"collection":[{"href":"https:\/\/playaexploratours.com\/es_es\/wp-json\/wp\/v2\/product"}],"about":[{"href":"https:\/\/playaexploratours.com\/es_es\/wp-json\/wp\/v2\/types\/product"}],"replies":[{"embeddable":true,"href":"https:\/\/playaexploratours.com\/es_es\/wp-json\/wp\/v2\/comments?post=894"}],"wp:featuredmedia":[{"embeddable":true,"href":"https:\/\/playaexploratours.com\/es_es\/wp-json\/wp\/v2\/media\/895"}],"wp:attachment":[{"href":"https:\/\/playaexploratours.com\/es_es\/wp-json\/wp\/v2\/media?parent=894"}],"wp:term":[{"taxonomy":"product_brand","embeddable":true,"href":"https:\/\/playaexploratours.com\/es_es\/wp-json\/wp\/v2\/product_brand?post=894"},{"taxonomy":"product_cat","embeddable":true,"href":"https:\/\/playaexploratours.com\/es_es\/wp-json\/wp\/v2\/product_cat?post=894"},{"taxonomy":"product_tag","embeddable":true,"href":"https:\/\/playaexploratours.com\/es_es\/wp-json\/wp\/v2\/product_tag?post=894"}],"curies":[{"name":"wp","href":"https:\/\/api.w.org\/{rel}","templated":true}]}}