{"id":887,"date":"2024-04-08T18:46:19","date_gmt":"2024-04-08T23:46:19","guid":{"rendered":"https:\/\/playaexploratours.com\/?post_type=product&#038;p=887"},"modified":"2026-01-10T10:50:42","modified_gmt":"2026-01-10T15:50:42","slug":"playa-mia-cozumel-snorkel-by-catamaran-beach","status":"publish","type":"product","link":"https:\/\/playaexploratours.com\/es_es\/producto\/playa-mia-cozumel-snorkel-by-catamaran-beach\/","title":{"rendered":"Playa Mia COZUMEL SNORKEL BY CATAMARAN &#038; BEACH"},"content":{"rendered":"<h4>Playa Mia COZUMEL SNORKEL BY CATAMARAN &amp; BEACH<\/h4>\n<p><span class=\"\">Vive\u00a0una\u00a0experiencia\u00a0m\u00e1gica\u00a0con\u00a0nuestro\u00a0tour\u00a0\u00abEl\u00a0Cielo\u00bb\u00a0en\u00a0Playa\u00a0Mia.\u00a0Comienza\u00a0tu\u00a0aventura\u00a0con\u00a0un\u00a0tranquilo\u00a0y\u00a0panor\u00e1mico\u00a0viaje\u00a0en\u00a0catamar\u00e1n\u00a0desde\u00a0Playa\u00a0del\u00a0Carmen\u00a0hacia\u00a0la\u00a0deslumbrante\u00a0isla\u00a0de\u00a0Cozumel,\u00a0donde\u00a0te\u00a0esperan\u00a0paisajes\u00a0incre\u00edbles\u00a0y\u00a0una\u00a0atm\u00f3sfera\u00a0de\u00a0ensue\u00f1o.\u00a0Sum\u00e9rgete\u00a0en\u00a0las\u00a0aguas\u00a0cristalinas\u00a0y\u00a0descubre\u00a0el\u00a0fascinante\u00a0santuario\u00a0de\u00a0estrellas\u00a0de\u00a0mar\u00a0en\u00a0El\u00a0Cielo,\u00a0un\u00a0espect\u00e1culo\u00a0natural\u00a0que\u00a0te\u00a0dejar\u00e1\u00a0sin\u00a0aliento.<\/span><\/p>\n<p><span class=\"\">Pero\u00a0eso\u00a0no\u00a0es\u00a0todo.\u00a0En\u00a0Playa\u00a0Mia,\u00a0disfruta\u00a0de\u00a0una\u00a0jornada\u00a0inolvidable\u00a0en\u00a0una\u00a0de\u00a0las\u00a0playas\u00a0m\u00e1s\u00a0hermosas\u00a0de\u00a0la\u00a0regi\u00f3n.\u00a0Rel\u00e1jate\u00a0en\u00a0nuestra\u00a0exclusiva\u00a0zona\u00a0de\u00a0playa,\u00a0saborea\u00a0una\u00a0deliciosa\u00a0variedad\u00a0de\u00a0platos\u00a0t\u00edpicos\u00a0en\u00a0nuestro\u00a0buffet\u00a0y\u00a0sacia\u00a0tu\u00a0sed\u00a0en\u00a0nuestra\u00a0barra\u00a0libre,\u00a0con\u00a0una\u00a0selecci\u00f3n\u00a0de\u00a0bebidas\u00a0para\u00a0todos\u00a0los\u00a0gustos.<\/span><\/p>\n<p><span class=\"\">Imagina\u00a0sentir\u00a0la\u00a0suave\u00a0brisa\u00a0del\u00a0mar\u00a0mientras\u00a0disfrutas\u00a0del\u00a0sol\u00a0tropical,\u00a0o\u00a0explorar\u00a0las\u00a0coloridas\u00a0maravillas\u00a0submarinas\u00a0a\u00a0trav\u00e9s\u00a0de\u00a0nuestros\u00a0equipos\u00a0de\u00a0snorkel.\u00a0Ya\u00a0sea\u00a0que\u00a0busques\u00a0aventura\u00a0o\u00a0relajaci\u00f3n,\u00a0este\u00a0tour\u00a0tiene\u00a0algo\u00a0especial\u00a0para\u00a0ti.<\/span><\/p>\n<p><span class=\"\">No\u00a0esperes\u00a0m\u00e1s\u00a0para\u00a0vivir\u00a0esta\u00a0experiencia\u00a0\u00fanica.\u00a0\u00a1Reserva\u00a0tu\u00a0lugar\u00a0hoy\u00a0mismo\u00a0y\u00a0ven\u00a0a\u00a0descubrir\u00a0por\u00a0qu\u00e9\u00a0\u00abEl\u00a0Cielo\u00bb\u00a0es\u00a0uno\u00a0de\u00a0los\u00a0destinos\u00a0m\u00e1s\u00a0incre\u00edbles\u00a0del\u00a0Caribe!<\/span> \ud83c\udf1f\ud83c\udfdd\ufe0f<\/p>\n","protected":false},"excerpt":{"rendered":"<p>Playa Mia COZUMEL SNORKEL BY CATAMARAN &amp; BEACH<\/p>\n<p>INCLUYE:<\/p>\n<p>\u25cf Transportaci\u00f3n desde hoteles (dependiendo del paquete contratado)<\/p>\n<p>\u25cf Cruce de ferry de Playa del Carmen a Cozumel.(redondo)<\/p>\n<p>\u25cf Impuestos<\/p>\n<p>\u25cf Tour en CATAMAR\u00c1N y Snorkel en Cozumel<\/p>\n<p>\u25cf Snorkel en la zona de Arrecifes Palancar o Colombia (de acuerdo al calendario de Parque Marino).<\/p>\n<p>Tambi\u00e9n en el:<br \/>\n\u2013 Santuario de las estrellas de mar EL CIELO<br \/>\n\u2013 \u00c1REA PROTEGIDA EL CIELITO<\/p>\n<p>\u25cfBarra libre a bordo despu\u00e9s de las actividades acu\u00e1ticas<br \/>\n\u2013 Agua<br \/>\n\u2013 Refresco<br \/>\n\u2013 Ron Punch<br \/>\n\u2013 Margaritas<br \/>\n\u2013 Cerveza de barril<\/p>\n<p>\u25cf Equipo de snorkel<br \/>\n\u2013 Chaleco<br \/>\n\u2013 Visor<br \/>\n\u2013 Aletas<br \/>\n\u2013 Boquilla de Snorkel NUEVO<\/p>\n<p>\u25cf TIEMPO PLAYA Y COMIDA EN PLAYA MIA.<\/p>\n<p>\u25cf Servicio de alimentos en Playa Mia: Buffet: Men\u00fa de alimentos que consiste en opciones de pollo, pescado, res, pasta, ensalada y complementos variados.<\/p>\n<p>\u25cf Bebidas en el club de playa: Agua, Refrescos, Margaritas, Ron Punch y Cerveza de Barril.<\/p>\n<p>\u25cf Atracciones y Amenidades: Kayaks, Bicicletas acu\u00e1ticas, Inflables, Piscinas, \u00c1rea de ni\u00f1os Camastros, Ba\u00f1os y Regaderas.<\/p>\n","protected":false},"featured_media":888,"comment_status":"open","ping_status":"closed","template":"","meta":[],"product_brand":[],"product_cat":[24],"product_tag":[50,139,142,141,140,143,138,115],"class_list":{"0":"post-887","1":"product","2":"type-product","3":"status-publish","4":"has-post-thumbnail","6":"product_cat-snorkel","7":"product_tag-el-cielo-en-catamaran","8":"product_tag-playa-mia","9":"product_tag-playa-mia-beach-club","10":"product_tag-playa-mia-club-de-playa","11":"product_tag-playa-mia-cozumel","12":"product_tag-playa-mia-cozumel-snorkel-by-catamaran","13":"product_tag-playa-mia-cozumel-snorkel-by-catamaran-beach","14":"product_tag-snorkel","16":"first","17":"outofstock","18":"featured","19":"virtual","20":"purchasable","21":"product-type-simple"},"_links":{"self":[{"href":"https:\/\/playaexploratours.com\/es_es\/wp-json\/wp\/v2\/product\/887","targetHints":{"allow":["GET"]}}],"collection":[{"href":"https:\/\/playaexploratours.com\/es_es\/wp-json\/wp\/v2\/product"}],"about":[{"href":"https:\/\/playaexploratours.com\/es_es\/wp-json\/wp\/v2\/types\/product"}],"replies":[{"embeddable":true,"href":"https:\/\/playaexploratours.com\/es_es\/wp-json\/wp\/v2\/comments?post=887"}],"wp:featuredmedia":[{"embeddable":true,"href":"https:\/\/playaexploratours.com\/es_es\/wp-json\/wp\/v2\/media\/888"}],"wp:attachment":[{"href":"https:\/\/playaexploratours.com\/es_es\/wp-json\/wp\/v2\/media?parent=887"}],"wp:term":[{"taxonomy":"product_brand","embeddable":true,"href":"https:\/\/playaexploratours.com\/es_es\/wp-json\/wp\/v2\/product_brand?post=887"},{"taxonomy":"product_cat","embeddable":true,"href":"https:\/\/playaexploratours.com\/es_es\/wp-json\/wp\/v2\/product_cat?post=887"},{"taxonomy":"product_tag","embeddable":true,"href":"https:\/\/playaexploratours.com\/es_es\/wp-json\/wp\/v2\/product_tag?post=887"}],"curies":[{"name":"wp","href":"https:\/\/api.w.org\/{rel}","templated":true}]}}