{"id":715,"date":"2023-12-01T15:48:01","date_gmt":"2023-12-01T20:48:01","guid":{"rendered":"https:\/\/playaexploratours.com\/?post_type=product&#038;p=715"},"modified":"2024-10-24T13:01:56","modified_gmt":"2024-10-24T18:01:56","slug":"tulum-akumal-tortugas","status":"publish","type":"product","link":"https:\/\/playaexploratours.com\/es_es\/producto\/tulum-akumal-tortugas\/","title":{"rendered":"Tulum Akumal Tortugas"},"content":{"rendered":"<h2>Tulum Akumal Tortugas<\/h2>\n<p>&nbsp;<\/p>\n<p><strong>Descubre la magia de Tulum y Akumal con nuestro tour exclusivo\ud83d\udc22<\/strong><\/p>\n<p>Emb\u00e1rcate en una aventura inolvidable que combina historia, cultura y naturaleza en la hermosa Riviera Maya. Nuestro tour comienza con un\u00a0<strong>transporte redondo con gu\u00eda biling\u00fce<\/strong>, asegurando que tu viaje sea c\u00f3modo y sin preocupaciones. A tu llegada, disfrutar\u00e1s de un\u00a0<strong>box lunch<\/strong>\u00a0que incluye un delicioso s\u00e1ndwich, fruta, galleta y jugo, perfecto para recargar energ\u00edas.<\/p>\n<p>La primera parada es la impresionante\u00a0<strong>Zona Arqueol\u00f3gica de Tulum<\/strong>, donde tendr\u00e1s 2 horas para explorar este sitio hist\u00f3rico. Un\u00a0<strong>gu\u00eda especializado<\/strong>\u00a0te acompa\u00f1ar\u00e1 durante 1 hora, brind\u00e1ndote una explicaci\u00f3n detallada sobre la historia y cultura de Tulum. Despu\u00e9s, tendr\u00e1s\u00a0<strong>45 minutos de tiempo libre<\/strong>\u00a0para descubrir a tu ritmo y tomar fotos espectaculares. Para mantenerte hidratado, te proporcionaremos una\u00a0<strong>botella de agua<\/strong>\u00a0tanto a la entrada como a la salida de la zona arqueol\u00f3gica.<\/p>\n<p>Luego, nos dirigiremos a Akumal, donde disfrutar\u00e1s de una deliciosa comida (bebidas no incluidas). La experiencia culmina con el\u00a0<strong>nado con tortugas en Akumal<\/strong>, una actividad verdaderamente m\u00e1gica y sin duda uno de los momentos m\u00e1s destacados de tu viaje a la Riviera Maya. Durante 1 hora, podr\u00e1s hacer\u00a0<strong>snorkel<\/strong>\u00a0con equipo nuevo y descubrir las diferentes especies de tortugas que habitan en esta \u00e1rea. Adem\u00e1s, el\u00a0<strong>impuesto para el nado con las tortugas<\/strong>\u00a0est\u00e1 incluido, as\u00ed que no tendr\u00e1s que preocuparte por costos adicionales.<\/p>\n<p>Este tour es la combinaci\u00f3n perfecta de aventura y relajaci\u00f3n, ofreci\u00e9ndote una experiencia completa y enriquecedora en la Riviera Maya. No te pierdas la oportunidad de vivir estos momentos \u00fanicos y crear recuerdos inolvidables.<\/p>\n","protected":false},"excerpt":{"rendered":"<p>Tulum Akumal Tortugas<\/p>\n<p>Incluye:<\/p>\n<p>\u25cf Transporte redondo con gu\u00eda biling\u00fce \u25cf Box lunch (S\u00e1ndwich, fruta, galleta y jugo) \u25cf Entrada a la Zona a Arqueol\u00f3gica de Tulum 2hrs. \u25cf Incluye gu\u00eda para la explicaci\u00f3n de la zona arqueol\u00f3gica 1hr. \u25cf Tiempo libre en Tulum 45min. \u25cf Botella de agua para entrada y salida de la zona arqueol\u00f3gica de Tulum \u25cf Incluye comida en Akumal (no incluye bebidas) \u25cf Incluye nado con tortugas en Akumal \u25cf Snorkel 1hora Para ver a los tipos de tortuga que existen en Akumal \u25cf Equipo de Snorkel nuevo \u25cf Incluye el impuesto para el nado con las tortugas.<\/p>\n<p>Salidas: Martes, Jueves y Sabado<\/p>\n<p>No incluye impuestos de $60 pesos<\/p>\n","protected":false},"featured_media":716,"comment_status":"open","ping_status":"closed","template":"","meta":[],"product_brand":[],"product_cat":[24],"product_tag":[170,169,167,168,171],"class_list":{"0":"post-715","1":"product","2":"type-product","3":"status-publish","4":"has-post-thumbnail","6":"product_cat-snorkel","7":"product_tag-akumal-nado-con-tortugas","8":"product_tag-nado-con-tortugas","9":"product_tag-tulum-akumal-tortugas","10":"product_tag-tulum-nado-con-tortugas","11":"product_tag-tulum-y-akumal","13":"first","14":"instock","15":"virtual","16":"purchasable","17":"product-type-simple"},"_links":{"self":[{"href":"https:\/\/playaexploratours.com\/es_es\/wp-json\/wp\/v2\/product\/715","targetHints":{"allow":["GET"]}}],"collection":[{"href":"https:\/\/playaexploratours.com\/es_es\/wp-json\/wp\/v2\/product"}],"about":[{"href":"https:\/\/playaexploratours.com\/es_es\/wp-json\/wp\/v2\/types\/product"}],"replies":[{"embeddable":true,"href":"https:\/\/playaexploratours.com\/es_es\/wp-json\/wp\/v2\/comments?post=715"}],"wp:featuredmedia":[{"embeddable":true,"href":"https:\/\/playaexploratours.com\/es_es\/wp-json\/wp\/v2\/media\/716"}],"wp:attachment":[{"href":"https:\/\/playaexploratours.com\/es_es\/wp-json\/wp\/v2\/media?parent=715"}],"wp:term":[{"taxonomy":"product_brand","embeddable":true,"href":"https:\/\/playaexploratours.com\/es_es\/wp-json\/wp\/v2\/product_brand?post=715"},{"taxonomy":"product_cat","embeddable":true,"href":"https:\/\/playaexploratours.com\/es_es\/wp-json\/wp\/v2\/product_cat?post=715"},{"taxonomy":"product_tag","embeddable":true,"href":"https:\/\/playaexploratours.com\/es_es\/wp-json\/wp\/v2\/product_tag?post=715"}],"curies":[{"name":"wp","href":"https:\/\/api.w.org\/{rel}","templated":true}]}}