{"id":582,"date":"2023-11-30T18:00:14","date_gmt":"2023-11-30T23:00:14","guid":{"rendered":"https:\/\/playaexploratours.com\/?post_type=product&#038;p=582"},"modified":"2024-10-24T13:03:32","modified_gmt":"2024-10-24T18:03:32","slug":"chichen-itza","status":"publish","type":"product","link":"https:\/\/playaexploratours.com\/es_es\/producto\/chichen-itza\/","title":{"rendered":"Chich\u00e9n Itz\u00e1"},"content":{"rendered":"<h2>Chich\u00e9n Itz\u00e1<\/h2>\n<p>\u201cChich\u00e9n Itz\u00e1, en M\u00e9xico, se encuentra en la cima de los lugares asombrosos para visitar en el mundo y es imperdible durante tus vacaciones en Canc\u00fan. Este tour es una excelente opci\u00f3n para disfrutar de la joya m\u00e1s rica del mundo maya. Fundada en el a\u00f1o 514 d.C., Chich\u00e9n Itz\u00e1 fue en su momento la capital de la antigua civilizaci\u00f3n maya y recientemente fue declarada una de las \u20187 Nuevas Maravillas del Mundo\u2019. Adem\u00e1s, este completo tour tambi\u00e9n te llevar\u00e1 a explorar el pintoresco Pueblo M\u00e1gico de Valladolid y a refrescarte en el Cenote Selva Maya. \u00a1Una experiencia inolvidable que combina historia, naturaleza y belleza!\u201d \ud83d\ude0a\ud83c\udf1f .<\/p>\n","protected":false},"excerpt":{"rendered":"<p>Chich\u00e9n Itz\u00e1<\/p>\n<p>\u25cf Tour a Chich\u00e9n Itz\u00e1 en autob\u00fas en primera clase con ba\u00f1o, incluye box lunch. \u25cf Visita al pueblo m\u00e1gico de Valladolid, Yucat\u00e1n (1 hora) \u25cf Comida tipo buffet, (durante 60 minutos e incluye 1 bebida de aguas frescas). \u25cf Visita a un Cenote Selva Maya (1 hora 1\/2) \u25cf Tour Guiado en la ruina de Chich\u00e9n Itz\u00e1. (1 hora 1\/2 con gu\u00eda y una hora libre para selfis).<br \/>\nEste completo tour te permite experimentar la magia de Chich\u00e9n Itz\u00e1, una de las Nuevas Siete Maravillas del Mundo, mientras exploras el pintoresco pueblo de Valladolid y te refrescas en el cenote. Si tienes m\u00e1s preguntas o necesitas m\u00e1s informaci\u00f3n, \u00a1no dudes en preguntar! \ud83d\ude0a\ud83c\udf1f<\/p>\n","protected":false},"featured_media":965,"comment_status":"open","ping_status":"closed","template":"","meta":[],"product_brand":[],"product_cat":[30,26],"product_tag":[80,29,172,71],"class_list":{"0":"post-582","1":"product","2":"type-product","3":"status-publish","4":"has-post-thumbnail","6":"product_cat-paseos","7":"product_cat-zonas-arqueologicas","8":"product_tag-cenote","9":"product_tag-chichen-itza","10":"product_tag-chichen-itza-clasico","11":"product_tag-valladolid","13":"first","14":"instock","15":"featured","16":"virtual","17":"purchasable","18":"product-type-simple"},"_links":{"self":[{"href":"https:\/\/playaexploratours.com\/es_es\/wp-json\/wp\/v2\/product\/582","targetHints":{"allow":["GET"]}}],"collection":[{"href":"https:\/\/playaexploratours.com\/es_es\/wp-json\/wp\/v2\/product"}],"about":[{"href":"https:\/\/playaexploratours.com\/es_es\/wp-json\/wp\/v2\/types\/product"}],"replies":[{"embeddable":true,"href":"https:\/\/playaexploratours.com\/es_es\/wp-json\/wp\/v2\/comments?post=582"}],"wp:featuredmedia":[{"embeddable":true,"href":"https:\/\/playaexploratours.com\/es_es\/wp-json\/wp\/v2\/media\/965"}],"wp:attachment":[{"href":"https:\/\/playaexploratours.com\/es_es\/wp-json\/wp\/v2\/media?parent=582"}],"wp:term":[{"taxonomy":"product_brand","embeddable":true,"href":"https:\/\/playaexploratours.com\/es_es\/wp-json\/wp\/v2\/product_brand?post=582"},{"taxonomy":"product_cat","embeddable":true,"href":"https:\/\/playaexploratours.com\/es_es\/wp-json\/wp\/v2\/product_cat?post=582"},{"taxonomy":"product_tag","embeddable":true,"href":"https:\/\/playaexploratours.com\/es_es\/wp-json\/wp\/v2\/product_tag?post=582"}],"curies":[{"name":"wp","href":"https:\/\/api.w.org\/{rel}","templated":true}]}}