{"id":579,"date":"2023-11-30T17:48:07","date_gmt":"2023-11-30T22:48:07","guid":{"rendered":"https:\/\/playaexploratours.com\/?post_type=product&#038;p=579"},"modified":"2025-03-20T23:20:42","modified_gmt":"2025-03-21T04:20:42","slug":"isla-mujeres-sailing-tour","status":"publish","type":"product","link":"https:\/\/playaexploratours.com\/es_es\/producto\/isla-mujeres-sailing-tour\/","title":{"rendered":"ISLA MUJERES Sailing tour"},"content":{"rendered":"<h2>ISLA MUJERES Sailing tour<\/h2>\n<p>\u00a1Emb\u00e1rcate en un catamar\u00e1n con destino a Isla Mujeres, una pintoresca isla frente a la costa de Canc\u00fan conocida por sus hermosas playas y snorkel y buceo de clase mundial! Disfruta de un desayuno continental a bordo antes de hacer una parada para hacer snorkel en el abundante arrecife de Punta Sam. Nuestros gu\u00edas a bordo te proporcionar\u00e1n todo el equipo necesario y te mostrar\u00e1n los mejores lugares en el arrecife. Zarpa una vez m\u00e1s hacia Isla Mujeres y atraca en su bullicioso centro. \u00a1Almuerza en un club de playa totalmente equipado!<\/p>\n","protected":false},"excerpt":{"rendered":"<p>ISLA MUJERES Sailing tour<\/p>\n<p>\u25cf Barra libre \u25cf Tour de snorkel \u25cf Vuelo en spinnaker \u25cf Comida tipo buffet (Barra libre en el restaurante) \u25cf Club de Playa Ice Bar \u25cf Tiempo libre en el centro de Isla Mujeres \u25cf Visita a Playa Norte.<\/p>\n","protected":false},"featured_media":581,"comment_status":"open","ping_status":"closed","template":"","meta":[],"product_brand":[],"product_cat":[24],"product_tag":[25,173,176,174,175,178,177],"class_list":{"0":"post-579","1":"product","2":"type-product","3":"status-publish","4":"has-post-thumbnail","6":"product_cat-snorkel","7":"product_tag-isla-mujeres","8":"product_tag-isla-mujeres-sailing-tour","9":"product_tag-playa-norte","10":"product_tag-snokel","11":"product_tag-spinaker","12":"product_tag-tour-de-fiesta-a-isla-mujeres","13":"product_tag-tour-de-snorkel-en-isla-mujeres","15":"first","16":"instock","17":"featured","18":"virtual","19":"purchasable","20":"product-type-simple"},"_links":{"self":[{"href":"https:\/\/playaexploratours.com\/es_es\/wp-json\/wp\/v2\/product\/579","targetHints":{"allow":["GET"]}}],"collection":[{"href":"https:\/\/playaexploratours.com\/es_es\/wp-json\/wp\/v2\/product"}],"about":[{"href":"https:\/\/playaexploratours.com\/es_es\/wp-json\/wp\/v2\/types\/product"}],"replies":[{"embeddable":true,"href":"https:\/\/playaexploratours.com\/es_es\/wp-json\/wp\/v2\/comments?post=579"}],"wp:featuredmedia":[{"embeddable":true,"href":"https:\/\/playaexploratours.com\/es_es\/wp-json\/wp\/v2\/media\/581"}],"wp:attachment":[{"href":"https:\/\/playaexploratours.com\/es_es\/wp-json\/wp\/v2\/media?parent=579"}],"wp:term":[{"taxonomy":"product_brand","embeddable":true,"href":"https:\/\/playaexploratours.com\/es_es\/wp-json\/wp\/v2\/product_brand?post=579"},{"taxonomy":"product_cat","embeddable":true,"href":"https:\/\/playaexploratours.com\/es_es\/wp-json\/wp\/v2\/product_cat?post=579"},{"taxonomy":"product_tag","embeddable":true,"href":"https:\/\/playaexploratours.com\/es_es\/wp-json\/wp\/v2\/product_tag?post=579"}],"curies":[{"name":"wp","href":"https:\/\/api.w.org\/{rel}","templated":true}]}}