{"id":574,"date":"2023-11-30T13:42:28","date_gmt":"2023-11-30T18:42:28","guid":{"rendered":"https:\/\/playaexploratours.com\/?post_type=product&#038;p=574"},"modified":"2025-03-03T01:59:34","modified_gmt":"2025-03-03T06:59:34","slug":"isla-cozumel-el-cielo-tour","status":"publish","type":"product","link":"https:\/\/playaexploratours.com\/es_es\/producto\/isla-cozumel-el-cielo-tour\/","title":{"rendered":"ISLA COZUMEL El cielo tour"},"content":{"rendered":"<h2>ISLA COZUMEL El cielo tour<\/h2>\n<h5>Descubre la Maravilla del Snorkel en Cozumel<\/h5>\n<p>Explora el espectacular arrecife de Cozumel con nuestro tour de esn\u00f3rquel de medio d\u00eda, dise\u00f1ado tanto para buceadores experimentados como para principiantes. Nuestros gu\u00edas altamente capacitados garantizan una experiencia inolvidable mientras te sumerges en las aguas cristalinas de tres joyas del Caribe:<\/p>\n<ol>\n<li><strong>Palancar Reef:<\/strong> Sum\u00e9rgete en la rica biodiversidad de uno de los mejores lugares de snorkel, guiado por expertos que te mostrar\u00e1n la belleza submarina \u00fanica.<\/li>\n<li><strong>Columbia Reef:<\/strong> Descubre las maravillas ocultas de este arrecife, lleno de vida marina fascinante, mientras nuestros gu\u00edas te brindan informaci\u00f3n valiosa.<\/li>\n<li><strong>Playa el Cielo:<\/strong> Suma momentos m\u00e1gicos en esta playa celestial, famosa por sus estrellas de mar adornando sus arenas blancas, una experiencia \u00fanica que no te puedes perder.<\/li>\n<\/ol>\n<p>Nuestro paquete todo incluido ofrece bebidas refrescantes y equipo de snorkel de primera calidad. Las tarifas mar\u00edtimas se abonan en efectivo el d\u00eda del tour. Ya seas un entusiasta del buceo o est\u00e9s dando tus primeros pasos, nuestros expertos te aseguran aprovechar al m\u00e1ximo cada momento en el paradis\u00edaco arrecife de Cozumel.<\/p>\n","protected":false},"excerpt":{"rendered":"<p>ISLA COZUMEL El cielo tour<\/p>\n<p>\u25cf Tour el cielo visita 2 arrecifes continentales ( palancar y colombia ) 2 bancos de arena ( cielo y cielito ) \u25cf Tour incluye equipo completo de snorkel con gu\u00eda en la embarcaci\u00f3n \u25cf Bebidas a abordo cerveza, refrescos, agua, shot de tequila (barra libre) y snack de ceviche y frutas \u25cf Duraci\u00f3n del tour 4 horas.<\/p>\n","protected":false},"featured_media":576,"comment_status":"open","ping_status":"closed","template":"","meta":[],"product_brand":[],"product_cat":[24],"product_tag":[182,181,28,180,51,179,115,183],"class_list":{"0":"post-574","1":"product","2":"type-product","3":"status-publish","4":"has-post-thumbnail","6":"product_cat-snorkel","7":"product_tag-arrecife-colombia","8":"product_tag-arrecife-palancar","9":"product_tag-cozumel","10":"product_tag-el-cielito","11":"product_tag-el-cielo","12":"product_tag-isla-cozumel-el-cielo-tour","13":"product_tag-snorkel","14":"product_tag-tour-el-cielo-en-lancha","16":"first","17":"instock","18":"featured","19":"virtual","20":"purchasable","21":"product-type-simple"},"_links":{"self":[{"href":"https:\/\/playaexploratours.com\/es_es\/wp-json\/wp\/v2\/product\/574","targetHints":{"allow":["GET"]}}],"collection":[{"href":"https:\/\/playaexploratours.com\/es_es\/wp-json\/wp\/v2\/product"}],"about":[{"href":"https:\/\/playaexploratours.com\/es_es\/wp-json\/wp\/v2\/types\/product"}],"replies":[{"embeddable":true,"href":"https:\/\/playaexploratours.com\/es_es\/wp-json\/wp\/v2\/comments?post=574"}],"wp:featuredmedia":[{"embeddable":true,"href":"https:\/\/playaexploratours.com\/es_es\/wp-json\/wp\/v2\/media\/576"}],"wp:attachment":[{"href":"https:\/\/playaexploratours.com\/es_es\/wp-json\/wp\/v2\/media?parent=574"}],"wp:term":[{"taxonomy":"product_brand","embeddable":true,"href":"https:\/\/playaexploratours.com\/es_es\/wp-json\/wp\/v2\/product_brand?post=574"},{"taxonomy":"product_cat","embeddable":true,"href":"https:\/\/playaexploratours.com\/es_es\/wp-json\/wp\/v2\/product_cat?post=574"},{"taxonomy":"product_tag","embeddable":true,"href":"https:\/\/playaexploratours.com\/es_es\/wp-json\/wp\/v2\/product_tag?post=574"}],"curies":[{"name":"wp","href":"https:\/\/api.w.org\/{rel}","templated":true}]}}