{"id":1342,"date":"2025-02-10T17:43:47","date_gmt":"2025-02-10T22:43:47","guid":{"rendered":"https:\/\/playaexploratours.com\/?post_type=product&#038;p=1342"},"modified":"2025-02-10T19:07:37","modified_gmt":"2025-02-11T00:07:37","slug":"xenses-riviera-maya","status":"publish","type":"product","link":"https:\/\/playaexploratours.com\/es_es\/producto\/xenses-riviera-maya\/","title":{"rendered":"Xenses Riviera Maya"},"content":{"rendered":"<p><strong>Xenses Riviera Maya<\/strong><\/p>\n<p>Las entradas a <strong>Parque Xenses<\/strong> incluyen una experiencia sensorial \u00fanica con m\u00e1s de <strong>50 escenarios fant\u00e1sticos<\/strong> distribuidos en dos circuitos de actividades: <strong>Ruta del Sentir<\/strong> y <strong>Ruta del Hacer<\/strong>. Aqu\u00ed tienes algunas de las actividades que puedes disfrutar:<\/p>\n<h3>Ruta del Sentir<\/h3>\n<ul>\n<li>\ud83d\udc66\ud83d\udc67 Camino de Enanos y Gigantes: Un camino divertido que desaf\u00eda tu percepci\u00f3n.<\/li>\n<li>\ud83c\udf0c Xensatorium: Una caverna subterr\u00e1nea en total oscuridad que simula diferentes ecosistemas.<\/li>\n<li>\ud83c\udf3f Laberinto de Arterias Subterr\u00e1neas: Cavernas subterr\u00e1neas llenas de sorpresas.<\/li>\n<li>\ud83c\udf33 El Ed\u00e9n: Un espacio lleno de naturaleza.<\/li>\n<li>\ud83c\udf4b Jard\u00edn X\u00edtrico: Un jard\u00edn refrescante.<\/li>\n<\/ul>\n<h3>Ruta del Hacer<\/h3>\n<ul>\n<li>\u2764\ufe0f El Latido: Un enorme coraz\u00f3n que te da la bienvenida.<\/li>\n<li>\ud83c\udfe0 El Pueblo: Un lugar disparatado donde no sabes si subes o bajas.<\/li>\n<li>\ud83d\udca4 El Respiro: Un espacio tranquilo para descansar en hamacas.<\/li>\n<li>\ud83d\udedd El Tobog\u00e1n: Un tobog\u00e1n vertiginoso.<\/li>\n<li>\ud83e\udd85 Vuelo de P\u00e1jaro: Una tirolesa emocionante.<\/li>\n<li>\ud83c\udf0a Riolajante: Una corriente c\u00e1lida de agua.<\/li>\n<li>\ud83d\udec1 Lodorama: Una cobertura total de lodo.<\/li>\n<\/ul>\n<h3>Incluye<\/h3>\n<ul>\n<li>\ud83d\udd10 Taquillas<\/li>\n<li>\ud83d\udebb Sanitarios<\/li>\n<li>\ud83d\udebf Duchas<\/li>\n<li>\ud83d\udcb5 Cajeros autom\u00e1ticos<\/li>\n<li>\ud83d\udcf6 WiFi<\/li>\n<li>\ud83d\ude97 Estacionamiento gratuito<\/li>\n<\/ul>\n<p>\u00a1Es una experiencia inolvidable para toda la familia! \ud83c\udf1f<\/p>\n","protected":false},"excerpt":{"rendered":"<p>Xenses Riviera Maya<\/p>\n<p>Incluye:<br \/>\nTransporte redondo desde Playa del Carmen<br \/>\nHorario: de lunes a s\u00e1bado de 9:00 a.m. a 6:00 p.m.<br \/>\nEdad m\u00ednima: 5 a\u00f1os.<br \/>\nNi\u00f1os: 25% de descuento para ni\u00f1os de 5 a 11 a\u00f1os sobre el precio de adulto.<br \/>\nIndispensable presentar identificaci\u00f3n en las taquillas del parque.<\/p>\n<p>\u00bfQu\u00e9 incluye?<\/p>\n<p>\ud83c\udfde\ufe0f <strong>Llegada y registro<\/strong><\/p>\n<p>\ud83c\udf00 <strong>Ruta del Sentir<\/strong>:<\/p>\n<ul>\n<li>\ud83d\udc66\ud83d\udc67 Camino de Enanos y Gigantes<\/li>\n<li>\ud83c\udf0c Xensatorium<\/li>\n<li>\ud83c\udf3f Laberinto de Arterias Subterr\u00e1neas<\/li>\n<li>\ud83c\udf33 El Ed\u00e9n<\/li>\n<li>\ud83c\udf4b Jard\u00edn X\u00edtrico<\/li>\n<\/ul>\n<p>\ud83c\udf7d\ufe0f <strong>Almuerzo<\/strong><\/p>\n<p>\ud83d\udd04 <strong>Ruta del Hacer<\/strong>:<\/p>\n<ul>\n<li>\u2764\ufe0f El Latido<\/li>\n<li>\ud83c\udfe0 El Pueblo<\/li>\n<li>\ud83d\udca4 El Respiro<\/li>\n<\/ul>\n<p>\ud83d\udca6 <strong>Actividades Acu\u00e1ticas<\/strong>:<\/p>\n<ul>\n<li>\ud83d\udedd El Tobog\u00e1n<\/li>\n<li>\ud83e\udd85 Vuelo de P\u00e1jaro<\/li>\n<li>\ud83c\udf0a Riolajante<\/li>\n<li>\ud83d\udec1 Lodorama<\/li>\n<li>\ud83d\udd10 Taquillas<\/li>\n<li>\ud83d\udebb Sanitarios<\/li>\n<li>\ud83d\udebf Duchas<\/li>\n<li>\ud83d\udcb5 Cajeros autom\u00e1ticos<\/li>\n<li>\ud83d\udcf6 WiFi<\/li>\n<li>\ud83d\ude97 Estacionamiento gratuito<\/li>\n<\/ul>\n<p>\ud83d\udd52 <strong>Tiempo libre<\/strong><\/p>\n<p>\ud83c\udfe1 <strong>Regreso<\/strong><\/p>\n","protected":false},"featured_media":1344,"comment_status":"open","ping_status":"closed","template":"","meta":[],"product_brand":[],"product_cat":[31],"product_tag":[195,196],"class_list":{"0":"post-1342","1":"product","2":"type-product","3":"status-publish","4":"has-post-thumbnail","6":"product_cat-parques","7":"product_tag-xenses","8":"product_tag-xenses-riviera-maya","10":"first","11":"instock","12":"virtual","13":"purchasable","14":"product-type-simple"},"_links":{"self":[{"href":"https:\/\/playaexploratours.com\/es_es\/wp-json\/wp\/v2\/product\/1342","targetHints":{"allow":["GET"]}}],"collection":[{"href":"https:\/\/playaexploratours.com\/es_es\/wp-json\/wp\/v2\/product"}],"about":[{"href":"https:\/\/playaexploratours.com\/es_es\/wp-json\/wp\/v2\/types\/product"}],"replies":[{"embeddable":true,"href":"https:\/\/playaexploratours.com\/es_es\/wp-json\/wp\/v2\/comments?post=1342"}],"wp:featuredmedia":[{"embeddable":true,"href":"https:\/\/playaexploratours.com\/es_es\/wp-json\/wp\/v2\/media\/1344"}],"wp:attachment":[{"href":"https:\/\/playaexploratours.com\/es_es\/wp-json\/wp\/v2\/media?parent=1342"}],"wp:term":[{"taxonomy":"product_brand","embeddable":true,"href":"https:\/\/playaexploratours.com\/es_es\/wp-json\/wp\/v2\/product_brand?post=1342"},{"taxonomy":"product_cat","embeddable":true,"href":"https:\/\/playaexploratours.com\/es_es\/wp-json\/wp\/v2\/product_cat?post=1342"},{"taxonomy":"product_tag","embeddable":true,"href":"https:\/\/playaexploratours.com\/es_es\/wp-json\/wp\/v2\/product_tag?post=1342"}],"curies":[{"name":"wp","href":"https:\/\/api.w.org\/{rel}","templated":true}]}}