{"id":1187,"date":"2024-11-07T15:39:03","date_gmt":"2024-11-07T20:39:03","guid":{"rendered":"https:\/\/playaexploratours.com\/?post_type=product&#038;p=1187"},"modified":"2025-11-15T23:42:41","modified_gmt":"2025-11-16T04:42:41","slug":"chichen-itza-domingos-nacionales","status":"publish","type":"product","link":"https:\/\/playaexploratours.com\/es_es\/producto\/chichen-itza-domingos-nacionales\/","title":{"rendered":"Chichen Itza Domingos Nacionales"},"content":{"rendered":"<h5>Chichen Itza Domingos Nacionales<\/h5>\n<p>Chich\u00e9n Itz\u00e1, en M\u00e9xico, se encuentra en la cima de los lugares asombrosos para visitar en el mundo y es imperdible durante tus vacaciones en Canc\u00fan. Este tour es una excelente opci\u00f3n para disfrutar de la joya m\u00e1s rica del mundo maya. Fundada en el a\u00f1o 514 d.C., Chich\u00e9n Itz\u00e1 fue en su momento la capital de la antigua civilizaci\u00f3n maya y recientemente fue declarada una de las \u20187 Nuevas Maravillas del Mundo\u2019. Este completo tour tambi\u00e9n te llevar\u00e1 a explorar el pintoresco Pueblo M\u00e1gico de Valladolid y a refrescarte en el Cenote Selva Maya. \u00a1Una experiencia inolvidable que combina historia, naturaleza y belleza!<\/p>\n<p>Se visitar\u00e1 con descuento especial para nacionales.<\/p>\n","protected":false},"excerpt":{"rendered":"<h5>Chichen Itza Domingos Nacionales<\/h5>\n<p>Este completo tour te permite experimentar la magia de Chich\u00e9n Itz\u00e1, una de las Nuevas Siete Maravillas del Mundo, mientras exploras el pintoresco pueblo de Valladolid y te refrescas en el cenote. <strong>Solo para nacionales presentando INE en mano los d\u00edas domingos<\/strong> \ud83c\uddf2\ud83c\uddfd:<\/p>\n<ul>\n<li><strong>Tour a Chich\u00e9n Itz\u00e1<\/strong> en autob\u00fas en primera clase con ba\u00f1o.<\/li>\n<li>Visita al pueblo m\u00e1gico de <strong>Valladolid, Yucat\u00e1n<\/strong> (1 hora).<\/li>\n<li>Comida tipo buffet (durante 60 minutos).<\/li>\n<li>Visita a un <strong>Cenote Selva Maya<\/strong> (1 hora 1\/2).<\/li>\n<li>Tour Guiado en las ruinas de <strong>Chich\u00e9n Itz\u00e1<\/strong> (1 hora 1\/2 con gu\u00eda y una hora libre para selfis).<\/li>\n<\/ul>\n<p>Si tienes m\u00e1s preguntas o necesitas m\u00e1s informaci\u00f3n, \u00a1no dudes en preguntar! \ud83d\ude0a\ud83c\udf1f<\/p>\n<p>&nbsp;<\/p>\n","protected":false},"featured_media":1189,"comment_status":"open","ping_status":"closed","template":"","meta":[],"product_brand":[],"product_cat":[30,26],"product_tag":[],"class_list":{"0":"post-1187","1":"product","2":"type-product","3":"status-publish","4":"has-post-thumbnail","6":"product_cat-paseos","7":"product_cat-zonas-arqueologicas","9":"first","10":"instock","11":"virtual","12":"purchasable","13":"product-type-simple"},"_links":{"self":[{"href":"https:\/\/playaexploratours.com\/es_es\/wp-json\/wp\/v2\/product\/1187","targetHints":{"allow":["GET"]}}],"collection":[{"href":"https:\/\/playaexploratours.com\/es_es\/wp-json\/wp\/v2\/product"}],"about":[{"href":"https:\/\/playaexploratours.com\/es_es\/wp-json\/wp\/v2\/types\/product"}],"replies":[{"embeddable":true,"href":"https:\/\/playaexploratours.com\/es_es\/wp-json\/wp\/v2\/comments?post=1187"}],"wp:featuredmedia":[{"embeddable":true,"href":"https:\/\/playaexploratours.com\/es_es\/wp-json\/wp\/v2\/media\/1189"}],"wp:attachment":[{"href":"https:\/\/playaexploratours.com\/es_es\/wp-json\/wp\/v2\/media?parent=1187"}],"wp:term":[{"taxonomy":"product_brand","embeddable":true,"href":"https:\/\/playaexploratours.com\/es_es\/wp-json\/wp\/v2\/product_brand?post=1187"},{"taxonomy":"product_cat","embeddable":true,"href":"https:\/\/playaexploratours.com\/es_es\/wp-json\/wp\/v2\/product_cat?post=1187"},{"taxonomy":"product_tag","embeddable":true,"href":"https:\/\/playaexploratours.com\/es_es\/wp-json\/wp\/v2\/product_tag?post=1187"}],"curies":[{"name":"wp","href":"https:\/\/api.w.org\/{rel}","templated":true}]}}