{"id":1086,"date":"2024-09-16T16:39:25","date_gmt":"2024-09-16T21:39:25","guid":{"rendered":"https:\/\/playaexploratours.com\/?post_type=product&#038;p=1086"},"modified":"2024-10-24T13:16:07","modified_gmt":"2024-10-24T18:16:07","slug":"atvs-amazing-cancun","status":"publish","type":"product","link":"https:\/\/playaexploratours.com\/es_es\/producto\/atvs-amazing-cancun\/","title":{"rendered":"Atv\u00b4s Amazing Canc\u00fan"},"content":{"rendered":"<p>Atv\u00b4s Amazing Canc\u00fan<\/p>\n<p>Este tour es perfecto para aquellos que prefieren una aventura sin la actividad de cabalgata, pero a\u00fan desean disfrutar de la emoci\u00f3n de las cuatrimotos, tirolesas y el refrescante cenote. \u00a1Espero que disfrutes de esta experiencia en la selva maya! \ud83c\udf34\ud83c\udfcd\ufe0f\ud83d\ude80<\/p>\n","protected":false},"excerpt":{"rendered":"<p><strong>Atv\u00b4s Amazing Canc\u00fan<\/strong><\/p>\n<p><strong>Tour con Cuatrimotos, Tirolesas, Cenote y Almuerzo en Canc\u00fan<\/strong><\/p>\n<p><strong>Duraci\u00f3n<\/strong>: 4 horas<\/p>\n<p><strong>Transportaci\u00f3n redonda<\/strong>: desde el centro de playa del Carmen<\/p>\n<p><strong>Incluye<\/strong>:<\/p>\n<ul>\n<li><b>Cuatrimotos<\/b>: Recorre senderos emocionantes en veh\u00edculos todoterreno durante aproximadamente 30 minutos.<\/li>\n<li><strong>Circuito de tirolesas<\/strong>: Desl\u00edzate por las alturas y disfruta de las vistas panor\u00e1micas.<\/li>\n<li><strong>Cenote interactivo<\/strong>: Sum\u00e9rgete en un cenote y disfruta de dos tirolesas y una plataforma de salto.<\/li>\n<li><strong>Almuerzo<\/strong>: Incluye refrescos y \u00e1rea de descanso.<\/li>\n<\/ul>\n<p><strong>Idiomas disponibles para la gu\u00eda<\/strong>: Ingl\u00e9s, franc\u00e9s y espa\u00f1ol.<\/p>\n<p><strong>Edades permitidas<\/strong>: De 5 a 65 a\u00f1os, m\u00e1ximo 20 personas por grupo.<\/p>\n<p><strong>Punto de partida y regreso<\/strong>: Volver\u00e1s al punto de inicio.<\/p>\n","protected":false},"featured_media":1088,"comment_status":"open","ping_status":"closed","template":"","meta":[],"product_brand":[],"product_cat":[30,31],"product_tag":[44,46,45],"class_list":{"0":"post-1086","1":"product","2":"type-product","3":"status-publish","4":"has-post-thumbnail","6":"product_cat-paseos","7":"product_cat-parques","8":"product_tag-atvs-amazing-cancun","9":"product_tag-atvs-en-puerto-morelos","10":"product_tag-cuatrimotos","12":"first","13":"instock","14":"virtual","15":"purchasable","16":"product-type-simple"},"_links":{"self":[{"href":"https:\/\/playaexploratours.com\/es_es\/wp-json\/wp\/v2\/product\/1086","targetHints":{"allow":["GET"]}}],"collection":[{"href":"https:\/\/playaexploratours.com\/es_es\/wp-json\/wp\/v2\/product"}],"about":[{"href":"https:\/\/playaexploratours.com\/es_es\/wp-json\/wp\/v2\/types\/product"}],"replies":[{"embeddable":true,"href":"https:\/\/playaexploratours.com\/es_es\/wp-json\/wp\/v2\/comments?post=1086"}],"wp:featuredmedia":[{"embeddable":true,"href":"https:\/\/playaexploratours.com\/es_es\/wp-json\/wp\/v2\/media\/1088"}],"wp:attachment":[{"href":"https:\/\/playaexploratours.com\/es_es\/wp-json\/wp\/v2\/media?parent=1086"}],"wp:term":[{"taxonomy":"product_brand","embeddable":true,"href":"https:\/\/playaexploratours.com\/es_es\/wp-json\/wp\/v2\/product_brand?post=1086"},{"taxonomy":"product_cat","embeddable":true,"href":"https:\/\/playaexploratours.com\/es_es\/wp-json\/wp\/v2\/product_cat?post=1086"},{"taxonomy":"product_tag","embeddable":true,"href":"https:\/\/playaexploratours.com\/es_es\/wp-json\/wp\/v2\/product_tag?post=1086"}],"curies":[{"name":"wp","href":"https:\/\/api.w.org\/{rel}","templated":true}]}}