{"id":1078,"date":"2024-08-16T15:26:09","date_gmt":"2024-08-16T20:26:09","guid":{"rendered":"https:\/\/playaexploratours.com\/?post_type=product&#038;p=1078"},"modified":"2024-10-24T11:52:23","modified_gmt":"2024-10-24T16:52:23","slug":"isla-contoy-con-isla-mujeres","status":"publish","type":"product","link":"https:\/\/playaexploratours.com\/es_es\/producto\/isla-contoy-con-isla-mujeres\/","title":{"rendered":"ISLA CONTOY CON ISLA MUJERES"},"content":{"rendered":"<h4>ISLA CONTOY CON ISLA MUJERES<br \/>\n\u00a1RESERVA AHORA Y ASEGURA TU LUGAR EN ESTE PARA\u00cdSO!<\/h4>\n<p>\u00bfQu\u00e9 incluye nuestro tour?<\/p>\n<p>\ud83d\ude90 Transportaci\u00f3n en van: Rel\u00e1jate desde el momento en que te recogemos. Nuestro servicio de transporte c\u00f3modo y seguro te llevar\u00e1 directamente a Punta Sam.<br \/>\n\ud83c\udf49 Fruta y jugo: Comienza tu d\u00eda con un delicioso desayuno ligero, perfecto para energizarte antes de la aventura.<br \/>\n\ud83d\udea4 Paseo en lancha desde Punta Sam: Navega por las aguas cristalinas del Caribe en una lancha c\u00f3moda y segura.<br \/>\n\ud83d\udc20 Snorkel en arrecifes de Contoy: Sum\u00e9rgete en un mundo submarino lleno de vida y color. Los arrecifes de Contoy son famosos por su biodiversidad y belleza.<br \/>\n\ud83c\udfca\u200d\u2642\ufe0f Equipo de snorkel: No te preocupes por traer tu propio equipo; nosotros te proporcionamos todo lo necesario para que disfrutes al m\u00e1ximo.<br \/>\n\ud83d\udde3\ufe0f Gu\u00eda biling\u00fce: Aprende sobre la historia y la ecolog\u00eda de la regi\u00f3n con la ayuda de nuestros gu\u00edas expertos, que hablan tanto espa\u00f1ol como ingl\u00e9s.<br \/>\n\ud83c\udf7d\ufe0f Comida buffet: Disfruta de una deliciosa comida buffet con una variedad de opciones para todos los gustos.<br \/>\n\ud83c\udf7a Cervezas: Rel\u00e1jate con una cerveza fr\u00eda mientras disfrutas del paisaje.<br \/>\n\ud83e\udd64 Refrescos y aguas: Mantente hidratado con una selecci\u00f3n de refrescos y aguas disponibles durante todo el tour.<br \/>\n\ud83e\udd88 Nado con el tibur\u00f3n ballena: Vive la experiencia \u00fanica de nadar junto al pez m\u00e1s grande del mundo. Estos gentiles gigantes visitan las aguas del Caribe mexicano entre junio y mediados de septiembre12.<br \/>\nHorarios y Duraci\u00f3n:<\/p>\n<p>\u23f3 Tiempo en Contoy: Disfruta de 2 a 3 horas explorando esta isla virgen, conocida por su impresionante flora y fauna.<br \/>\n\ud83d\udd52 Visita al centro de Isla Mujeres: Pasa 1 hora en el encantador centro de Isla Mujeres, donde podr\u00e1s comprar recuerdos, disfrutar de la gastronom\u00eda local y conocer m\u00e1s sobre la cultura de la isla.<br \/>\n\u23f1\ufe0f Duraci\u00f3n total: Aproximadamente 7 horas de pura diversi\u00f3n y descubrimiento.<br \/>\nD\u00edas de Salida:<\/p>\n<p>\ud83d\udcc5 Lunes, mi\u00e9rcoles y viernes: Aseg\u00farate de confirmar tu reserva con anticipaci\u00f3n para garantizar tu lugar en esta experiencia \u00fanica.<br \/>\n\u00bfPor qu\u00e9 elegir nuestro tour?<\/p>\n<p>Este no es solo un tour; es una oportunidad para desconectar de la rutina y reconectar con la naturaleza. Isla Contoy es un para\u00edso protegido, hogar de una incre\u00edble variedad de aves y vida marina. Es el lugar perfecto para los amantes de la naturaleza y aquellos que buscan un respiro del bullicio de la vida cotidiana.<\/p>\n<p>Isla Mujeres, por otro lado, ofrece una mezcla encantadora de cultura, historia y belleza natural. Desde sus playas de arena blanca hasta su vibrante centro, hay algo para todos en esta isla m\u00e1gica.<\/p>\n<p>\u00a1No te pierdas esta oportunidad!<\/p>\n<p>Cada detalle de nuestro tour est\u00e1 dise\u00f1ado para ofrecerte una experiencia inolvidable. Desde la comodidad de nuestro transporte hasta la emoci\u00f3n del snorkel en los arrecifes y el nado con el tibur\u00f3n ballena, cada momento est\u00e1 pensado para que disfrutes al m\u00e1ximo.<\/p>\n<p>\u00a1RESERVA AHORA Y VIVE LA AVENTURA DE TU VIDA! \ud83c\udf1f<\/p>\n","protected":false},"excerpt":{"rendered":"<p>ISLA CONTOY CON ISLA MUJERES<\/p>\n<p>!RESERVA AHORA!<\/p>\n<p>INCLUYE<br \/>\n\u2022 TRANSPORTACI\u00d3N EN VAN<br \/>\n\u2022 FRUTA Y JUGO<br \/>\n\u2022 \u00abPASEO EN LANCHA<br \/>\nDESDE PUNTA SAM<br \/>\n\u2022 SNORKEL EN ARRECIFES<br \/>\nDE CONTOY<br \/>\n\u2022 \u00abEQUIPO DE SNORKEL<br \/>\n\u2022 \u00abCUIA BILINGUE<br \/>\n\u2022 *COMIDA BUFFET *CERVEZAS *REFRESCOS<br \/>\nAGUAS<\/p>\n<p>TIEMPOS:<br \/>\n\u2022 TIEMPO EN CONTOY DE 2 HRS A 3 HRS,<br \/>\n\u2022 1 HRA DE VISITA EN EL CENTRO DE VELA MUJERES<br \/>\n\u2022 \u00abDURACI\u00d3N APROXIMADO DE 7 HRS<\/p>\n<p>D\u00cdAS DE SALIDA<br \/>\nLUNES, MI\u00c9RCOLES Y VIERNES CONFIRMAR ANTES DE RESERVAR<\/p>\n","protected":false},"featured_media":1081,"comment_status":"open","ping_status":"closed","template":"","meta":[],"product_brand":[],"product_cat":[24,30],"product_tag":[49,48,47],"class_list":{"0":"post-1078","1":"product","2":"type-product","3":"status-publish","4":"has-post-thumbnail","6":"product_cat-snorkel","7":"product_cat-paseos","8":"product_tag-contoy","9":"product_tag-isla-contoy","10":"product_tag-isla-contoy-con-isla-mujeres","12":"first","13":"instock","14":"virtual","15":"purchasable","16":"product-type-simple"},"_links":{"self":[{"href":"https:\/\/playaexploratours.com\/es_es\/wp-json\/wp\/v2\/product\/1078","targetHints":{"allow":["GET"]}}],"collection":[{"href":"https:\/\/playaexploratours.com\/es_es\/wp-json\/wp\/v2\/product"}],"about":[{"href":"https:\/\/playaexploratours.com\/es_es\/wp-json\/wp\/v2\/types\/product"}],"replies":[{"embeddable":true,"href":"https:\/\/playaexploratours.com\/es_es\/wp-json\/wp\/v2\/comments?post=1078"}],"wp:featuredmedia":[{"embeddable":true,"href":"https:\/\/playaexploratours.com\/es_es\/wp-json\/wp\/v2\/media\/1081"}],"wp:attachment":[{"href":"https:\/\/playaexploratours.com\/es_es\/wp-json\/wp\/v2\/media?parent=1078"}],"wp:term":[{"taxonomy":"product_brand","embeddable":true,"href":"https:\/\/playaexploratours.com\/es_es\/wp-json\/wp\/v2\/product_brand?post=1078"},{"taxonomy":"product_cat","embeddable":true,"href":"https:\/\/playaexploratours.com\/es_es\/wp-json\/wp\/v2\/product_cat?post=1078"},{"taxonomy":"product_tag","embeddable":true,"href":"https:\/\/playaexploratours.com\/es_es\/wp-json\/wp\/v2\/product_tag?post=1078"}],"curies":[{"name":"wp","href":"https:\/\/api.w.org\/{rel}","templated":true}]}}