{"id":1059,"date":"2024-08-11T00:54:15","date_gmt":"2024-08-11T05:54:15","guid":{"rendered":"https:\/\/playaexploratours.com\/?post_type=product&#038;p=1059"},"modified":"2025-02-10T16:51:08","modified_gmt":"2025-02-10T21:51:08","slug":"el-cielo-en-catamaran","status":"publish","type":"product","link":"https:\/\/playaexploratours.com\/es_es\/producto\/el-cielo-en-catamaran\/","title":{"rendered":"El cielo en catamar\u00e1n"},"content":{"rendered":"<h2>El cielo en catamar\u00e1n<\/h2>\n<p>Descubre El Cielo en Cozumel a Bordo de Nuestro Catamar\u00e1n<br \/>\nEmb\u00e1rcate en una aventura m\u00e1gica con nuestro exclusivo tour El Cielo en Cozumel en Catamar\u00e1n. Este tour es la combinaci\u00f3n perfecta de diversi\u00f3n, relajaci\u00f3n y exploraci\u00f3n submarina en uno de los destinos m\u00e1s hermosos del Caribe.<\/p>\n<p>El Cielo en Catamar\u00e1n<br \/>\nIncluye:<\/p>\n<p>Pase de abordaje: Acceso exclusivo a nuestro catamar\u00e1n de lujo.<br \/>\nBarra libre: Disfruta de una variedad de bebidas, incluyendo aguas, refrescos, cerveza y margaritas.<br \/>\nEquipo de snorkelling: Todo lo que necesitas para explorar el mundo submarino.<br \/>\nPlatillo delicioso: Saborea un platillo exquisito preparado a bordo.<br \/>\nAnimaci\u00f3n y gu\u00eda marinero: Nuestro equipo se asegurar\u00e1 de que te diviertas y est\u00e9s bien informado durante todo el viaje.<br \/>\nBa\u00f1os y pista de baile: Comodidades a bordo para tu confort y entretenimiento.<br \/>\nDestinos que Visitar\u00e1s:<br \/>\nEl Cielo: Conocido por sus aguas cristalinas y estrellas de mar.<br \/>\nPalancar: Un impresionante arrecife de coral ideal para el snorkel.<br \/>\nColombia: Otro hermoso arrecife lleno de vida marina.<br \/>\nEl Cielito: Un peque\u00f1o para\u00edso con aguas turquesas y arena blanca.<br \/>\nEquipo de Snorkel Incluido:<br \/>\nTubo de snorkel nuevo: Para una experiencia higi\u00e9nica y c\u00f3moda.<br \/>\nM\u00e1scara o visores: Para una visi\u00f3n clara bajo el agua.<br \/>\nChalecos salvavidas: Para tu seguridad mientras disfrutas del snorkel.<br \/>\nItinerario del Tour:<br \/>\nBienvenida a Bordo: Comienza tu d\u00eda con una c\u00e1lida bienvenida de nuestro equipo y una breve introducci\u00f3n sobre el tour.<br \/>\nNavegaci\u00f3n hacia El Cielo: Rel\u00e1jate y disfruta de la brisa marina mientras navegamos hacia nuestro primer destino.<br \/>\nSnorkel en El Cielo: Sum\u00e9rgete en las aguas cristalinas y marav\u00edllate con las estrellas de mar.<br \/>\nExploraci\u00f3n de Palancar y Colombia: Descubre la vibrante vida marina y los coloridos arrecifes de coral.<br \/>\nAlmuerzo a Bordo: Disfruta de un delicioso platillo preparado por nuestro chef mientras navegas hacia El Cielito.<br \/>\nTiempo Libre en El Cielito: Rel\u00e1jate en la playa, nada en las aguas turquesas o simplemente disfruta del paisaje.<br \/>\nRegreso con Fiesta a Bordo: Baila y divi\u00e9rtete en la pista de baile mientras regresamos al puerto.<br \/>\nReserva tu Lugar Hoy<br \/>\nNo te pierdas esta oportunidad \u00fanica de explorar los tesoros submarinos de Cozumel a bordo de nuestro catamar\u00e1n. El Cielo en Catamar\u00e1n &#8211; Party Boat es la elecci\u00f3n perfecta para aquellos que buscan una experiencia inolvidable llena de diversi\u00f3n, aventura y belleza natural. \u00a1Reserva tu lugar hoy y prep\u00e1rate para crear recuerdos que durar\u00e1n toda la vida!<\/p>\n","protected":false},"excerpt":{"rendered":"<p>El cielo en catamar\u00e1n<\/p>\n<p>Incluye:<br \/>\n\u2022 BARRA LIBRE (AGUAS, REFRESCO, CERVEZA, MARGARITAS)<br \/>\n\u2022 EQUIPO DE SNORKELLING<br \/>\n\u2022 PLATILLO<br \/>\n\u2022 ANIMACI\u00d3N<br \/>\n\u2022 GU\u00cdA MARINERO<br \/>\n\u2022 BA\u00d1OS<br \/>\n\u2022 PISTA DE BAILE<\/p>\n<p>VISITAR\u00c1S:<br \/>\nEl cielo, Palancar, Colombia, El cielito<\/p>\n<p>INCLUYE EQUIPO DE SNORKEL<br \/>\n\u2022 Tubo de Snorkel nuevo<br \/>\n\u2022 M\u00e1scara o visores<br \/>\n\u2022 Chalecos Salvavidas<\/p>\n<p>No Incluye:<\/p>\n<p>\u2022Boletos del Ferry a Cozumel<\/p>\n","protected":false},"featured_media":1070,"comment_status":"open","ping_status":"closed","template":"","meta":[],"product_brand":[],"product_cat":[24],"product_tag":[51,50,52],"class_list":{"0":"post-1059","1":"product","2":"type-product","3":"status-publish","4":"has-post-thumbnail","6":"product_cat-snorkel","7":"product_tag-el-cielo","8":"product_tag-el-cielo-en-catamaran","9":"product_tag-tour-el-cielo-en-catamaran","11":"first","12":"instock","13":"virtual","14":"taxable","15":"purchasable","16":"product-type-simple"},"_links":{"self":[{"href":"https:\/\/playaexploratours.com\/es_es\/wp-json\/wp\/v2\/product\/1059","targetHints":{"allow":["GET"]}}],"collection":[{"href":"https:\/\/playaexploratours.com\/es_es\/wp-json\/wp\/v2\/product"}],"about":[{"href":"https:\/\/playaexploratours.com\/es_es\/wp-json\/wp\/v2\/types\/product"}],"replies":[{"embeddable":true,"href":"https:\/\/playaexploratours.com\/es_es\/wp-json\/wp\/v2\/comments?post=1059"}],"wp:featuredmedia":[{"embeddable":true,"href":"https:\/\/playaexploratours.com\/es_es\/wp-json\/wp\/v2\/media\/1070"}],"wp:attachment":[{"href":"https:\/\/playaexploratours.com\/es_es\/wp-json\/wp\/v2\/media?parent=1059"}],"wp:term":[{"taxonomy":"product_brand","embeddable":true,"href":"https:\/\/playaexploratours.com\/es_es\/wp-json\/wp\/v2\/product_brand?post=1059"},{"taxonomy":"product_cat","embeddable":true,"href":"https:\/\/playaexploratours.com\/es_es\/wp-json\/wp\/v2\/product_cat?post=1059"},{"taxonomy":"product_tag","embeddable":true,"href":"https:\/\/playaexploratours.com\/es_es\/wp-json\/wp\/v2\/product_tag?post=1059"}],"curies":[{"name":"wp","href":"https:\/\/api.w.org\/{rel}","templated":true}]}}