{"id":1001,"date":"2024-07-30T16:35:59","date_gmt":"2024-07-30T21:35:59","guid":{"rendered":"https:\/\/playaexploratours.com\/?post_type=product&#038;p=1001"},"modified":"2024-12-25T20:15:42","modified_gmt":"2024-12-26T01:15:42","slug":"tulum-casa-tortuga-y-madre-naturaleza","status":"publish","type":"product","link":"https:\/\/playaexploratours.com\/es_es\/producto\/tulum-casa-tortuga-y-madre-naturaleza\/","title":{"rendered":"Tulum + Casa Tortuga y Madre Naturaleza"},"content":{"rendered":"<h2>Tulum + Casa Tortuga y Madre Naturaleza<\/h2>\n<p>Ad\u00e9ntrate en Tulum, donde las antiguas piedras mayas susurran secretos y el Caribe acaricia la costa. Camina por senderos de historia, donde los dioses descendieron y los templos alzaron sus piedras hacia el cielo. Las letras azules de Tulum te llaman, un columpio suspendido en el aire, un instante capturado en una foto que trasciende el tiempo. Pero hay algo m\u00e1s.<\/p>\n<p>En Madre Naturaleza Tulum, una escultura gigante espera a todos los visitantes. Es la m\u00e1s famosa de Tulum y da la bienvenida al Hotel Boutique frente a la playa. Realizada por un artista mexicano a partir de madera reciclada, esta obra de arte se alza como un puente entre el pasado y el presente. La madre naturaleza se convierte en protagonista y habla de su propia historia. Nos recuerda los problemas que enfrenta nuestro planeta debido al calentamiento global y la importancia de cuidarlo.<\/p>\n<p>La escultura est\u00e1 situada en las afueras de Tulum, cerca de la entrada de El Pared\u00f3n, con una hermosa vista sobre el mar Caribe. Es m\u00e1s que un s\u00edmbolo; es una llamada a la conciencia ambiental y una promesa de maravillas por descubrir.<\/p>\n<p>Pero antes de llegar a la escultura, sum\u00e9rgete en el coraz\u00f3n de la tierra en el Cenote Casa Tortuga. Imagina descender por una escalera de piedra, alej\u00e1ndote de la luz del d\u00eda. Aqu\u00ed, la naturaleza se revela en su forma m\u00e1s pura. Los cenotes abiertos son como oasis en medio de la selva, sus aguas reflejan el cielo y las hojas de los \u00e1rboles. Sum\u00e9rgete, flota y s\u00e9 uno con la naturaleza. Luego, ad\u00e9ntrate en las cavernas subterr\u00e1neas de los cenotes cerrados. Estalactitas y estalagmitas crean un paisaje surrealista. Lleva una linterna y explora las formaciones rocosas. Escucha el eco de tus propios pasos y siente la humedad en el aire. Est\u00e1s en un mundo secreto, donde el tiempo parece detenerse.<\/p>\n<p>\u00a1Reserva Ahora y Vive la Magia de Tulum!<\/p>\n<p>Cuando visites Tulum, no te pierdas la oportunidad de explorar los cenotes y contemplar la estatua de la madre naturaleza. Es un viaje al coraz\u00f3n de la tierra y una conexi\u00f3n con algo m\u00e1s grande que nosotros mismos. \ud83c\udf34\ud83d\udcf8\ud83d\udca6<\/p>\n","protected":false},"excerpt":{"rendered":"<p>Tulum + Casa Tortuga y Madre Naturaleza<\/p>\n<p>Incluye:<br \/>\n\u2022 Transporte de ida y vuelta.<br \/>\nGu\u00eda local.<br \/>\n\u2022 Entrada al Cenote Casa Tortuga.<br \/>\n\u2022 Box Lunch (s\u00e1ndwich, fruta, galleta y jugo).<br \/>\n\u2022 Fotos en las letras de Tulum.<br \/>\n\u2022 Entrada a la Zona Arqueol\u00f3gica de Tulum.<br \/>\n\u2022 Tiempo libre (no incluye gu\u00eda).<br \/>\n\u2022 Visita a la Quinta Avenida.<br \/>\n\u2022 Botella de agua.<br \/>\nSalida desde la zona arqueol\u00f3gica.<br \/>\n\u2022 Entrada a Cenote Casa Tortuga.<br \/>\n2 cenotes abiertos y 2 cenotes cerrados.<br \/>\n\u2022 Entrada a La Madre Naturaleza.<br \/>\n\u2022 Comida (1 platillo a elegir).<\/p>\n<p>No incluye:<br \/>\nVisores.<br \/>\nRenta de lockers.<br \/>\nBebidas durante la comida.<\/p>\n","protected":false},"featured_media":1321,"comment_status":"open","ping_status":"closed","template":"","meta":[],"product_brand":[],"product_cat":[31,24],"product_tag":[55,54,56,188,53],"class_list":{"0":"post-1001","1":"product","2":"type-product","3":"status-publish","4":"has-post-thumbnail","6":"product_cat-parques","7":"product_cat-snorkel","8":"product_tag-casa-tortugas","9":"product_tag-madre-naturaleza","10":"product_tag-tulum","11":"product_tag-tulum-casa-tortuga-y-madre-naturaleza","12":"product_tag-tulum-casa-tortugas-y-madre-naturaleza","14":"first","15":"instock","16":"virtual","17":"purchasable","18":"product-type-simple"},"_links":{"self":[{"href":"https:\/\/playaexploratours.com\/es_es\/wp-json\/wp\/v2\/product\/1001","targetHints":{"allow":["GET"]}}],"collection":[{"href":"https:\/\/playaexploratours.com\/es_es\/wp-json\/wp\/v2\/product"}],"about":[{"href":"https:\/\/playaexploratours.com\/es_es\/wp-json\/wp\/v2\/types\/product"}],"replies":[{"embeddable":true,"href":"https:\/\/playaexploratours.com\/es_es\/wp-json\/wp\/v2\/comments?post=1001"}],"wp:featuredmedia":[{"embeddable":true,"href":"https:\/\/playaexploratours.com\/es_es\/wp-json\/wp\/v2\/media\/1321"}],"wp:attachment":[{"href":"https:\/\/playaexploratours.com\/es_es\/wp-json\/wp\/v2\/media?parent=1001"}],"wp:term":[{"taxonomy":"product_brand","embeddable":true,"href":"https:\/\/playaexploratours.com\/es_es\/wp-json\/wp\/v2\/product_brand?post=1001"},{"taxonomy":"product_cat","embeddable":true,"href":"https:\/\/playaexploratours.com\/es_es\/wp-json\/wp\/v2\/product_cat?post=1001"},{"taxonomy":"product_tag","embeddable":true,"href":"https:\/\/playaexploratours.com\/es_es\/wp-json\/wp\/v2\/product_tag?post=1001"}],"curies":[{"name":"wp","href":"https:\/\/api.w.org\/{rel}","templated":true}]}}