{"id":902,"date":"2024-04-11T18:01:49","date_gmt":"2024-04-11T23:01:49","guid":{"rendered":"https:\/\/playaexploratours.com\/?post_type=product&#038;p=902"},"modified":"2024-10-24T12:27:41","modified_gmt":"2024-10-24T17:27:41","slug":"chiche-itza-de-lujo-cenotes-ikkil-y-suytun","status":"publish","type":"product","link":"https:\/\/playaexploratours.com\/en\/product\/chiche-itza-de-lujo-cenotes-ikkil-y-suytun\/","title":{"rendered":"Chichen Itza Deluxe Tour: Ik Kil and Hubiku Cenotes"},"content":{"rendered":"<h2>Chichen Itza Deluxe Tour: Ik Kil and Hubiku Cenotes<\/h2>\n<p>&nbsp;<\/p>\n<p>\ud83c\udf1f Chichen Itza Deluxe Tour: Ik Kil and Hubiku Cenotes  \ud83c\udf1f<\/p>\n<p>Available: Wednesday, Friday, and Sunday.<\/p>\n<p>Discover the majesty of Chich\u00e9n Itz\u00e1 with our exclusive luxury tour. Immerse yourself in the history and beauty of this ancient Mayan city while enjoying exceptional comforts.<\/p>\n<p>Tour Details:<\/p>\n<p>Round-trip Transportation: Travel comfortably by bus or vans from your starting point to Chich\u00e9n Itz\u00e1.<br \/>\nBilingual Guide: Our expert guides will accompany you throughout the tour, sharing knowledge in both Spanish and English.<br \/>\nBox Lunch: Enjoy a delicious box lunch including a sandwich, fruit, cookie, and juice.<br \/>\nOnboard Water: During the bus journey, you\u2019ll have access to 2 bottles of water.<br \/>\nChich\u00e9n Itz\u00e1 Visit: Explore the Chich\u00e9n Itz\u00e1 archaeological site with a certified guide. Discover the secrets of the Kukulc\u00e1n pyramid and other historical monuments during a 1-hour guided tour.<br \/>\nFree Time: Enjoy 1 hour of free time to explore on your own and take photographs.<br \/>\nHydration: We\u2019ll provide you with a water bottle upon entering and exiting the archaeological zone.<br \/>\nIk-Kil Cenote: Take a refreshing swim in the crystal-clear waters of Ik-Kil Cenote for 1 hour.<br \/>\nSuytun Cenote: Continue your adventure by swimming in Suytun Cenote for 1 hour. Life jackets are included.<br \/>\nBuffet Lunch: Relax and savor a delicious buffet at the Suytun restaurant.<br \/>\n\u2022Valladolid Historic Center Visit: Explore the charming historic center of Valladolid for 30 minutes.<br \/>\n\u2022Restaurant Beverages Not Included: Please note that beverages are not included at the restaurant.<br \/>\nBook your luxury Chich\u00e9n Itz\u00e1 experience and create unforgettable memories! \ud83c\udf34\ud83c\udf1e\ud83c\udfdb\ufe0f<\/p>","protected":false},"excerpt":{"rendered":"<p>Chichen Itza Deluxe Tour: Ik Kil and Hubiku Cenotes<\/p>\n<p>Round-trip transportation (Bus or Vans)<br \/>\n\u2022Bilingual guide<br \/>\n\u2022Box lunch (sandwich, fruit, cookie, and juice)<br \/>\n\u2022Includes on the bus: 2 bottles of water<br \/>\n\u2022Certified guide for the entire tour<br \/>\n\u2022Visit and entrance to the Chich\u00e9n Itz\u00e1 archaeological zone guided by an expert (1 hour)<br \/>\n\u2022Tiempo libre en la zona arqueol\u00f3gica (1 hora)<br \/>\n\u2022Water bottle provided upon entering and leaving the archaeological zone<br \/>\n\u2022Visit to the Ik-Kil Cenote for swimming (1 hour)<br \/>\n\u2022Visit to the Suytun Cenote for swimming (1 hour)<br \/>\n\u2022Life jackets are provided at the cenotes<br \/>\n\u2022Buffet lunch at the Suytun restaurant<br \/>\n\u2022Visit to the historic center of Valladolid (30 minutes)<br \/>\n\u2022Beverages are not included at the restaurant<\/p>","protected":false},"featured_media":903,"comment_status":"open","ping_status":"closed","template":"","meta":[],"product_brand":[],"product_cat":[30,26],"product_tag":[73,123,69,122,29,71],"class_list":{"0":"post-902","1":"product","2":"type-product","3":"status-publish","4":"has-post-thumbnail","6":"product_cat-paseos","7":"product_cat-zonas-arqueologicas","8":"product_tag-cenote-ik-il","9":"product_tag-cenote-suytun","10":"product_tag-cenotes-en-yucatan","11":"product_tag-chiche-itza-de-lujo-cenotes-ikkil-y-suytun","12":"product_tag-chichen-itza","13":"product_tag-valladolid","15":"first","16":"instock","17":"virtual","18":"purchasable","19":"product-type-simple"},"_links":{"self":[{"href":"https:\/\/playaexploratours.com\/en\/wp-json\/wp\/v2\/product\/902","targetHints":{"allow":["GET"]}}],"collection":[{"href":"https:\/\/playaexploratours.com\/en\/wp-json\/wp\/v2\/product"}],"about":[{"href":"https:\/\/playaexploratours.com\/en\/wp-json\/wp\/v2\/types\/product"}],"replies":[{"embeddable":true,"href":"https:\/\/playaexploratours.com\/en\/wp-json\/wp\/v2\/comments?post=902"}],"wp:featuredmedia":[{"embeddable":true,"href":"https:\/\/playaexploratours.com\/en\/wp-json\/wp\/v2\/media\/903"}],"wp:attachment":[{"href":"https:\/\/playaexploratours.com\/en\/wp-json\/wp\/v2\/media?parent=902"}],"wp:term":[{"taxonomy":"product_brand","embeddable":true,"href":"https:\/\/playaexploratours.com\/en\/wp-json\/wp\/v2\/product_brand?post=902"},{"taxonomy":"product_cat","embeddable":true,"href":"https:\/\/playaexploratours.com\/en\/wp-json\/wp\/v2\/product_cat?post=902"},{"taxonomy":"product_tag","embeddable":true,"href":"https:\/\/playaexploratours.com\/en\/wp-json\/wp\/v2\/product_tag?post=902"}],"curies":[{"name":"wp","href":"https:\/\/api.w.org\/{rel}","templated":true}]}}